{"id":9553,"date":"2024-02-04T09:46:28","date_gmt":"2024-02-04T08:46:28","guid":{"rendered":"https:\/\/www.wojoer.de\/produkt\/pushup-pants-neongelb\/"},"modified":"2024-11-13T08:23:50","modified_gmt":"2024-11-13T07:23:50","slug":"pushup-pants-neongelb","status":"publish","type":"product","link":"https:\/\/www.wojoer.de\/en\/produkt\/pushup-pants-neongelb\/","title":{"rendered":"Bade Netz Pants Neongelb 333W426y"},"content":{"rendered":"<p>Produktion nur auf Bestellung. Daher geh\u00f6rt ein neongelber POWERNET Pushup Pants Neongelb 333W426y in die Kategorie &#8220;LIVE&#8221;-Produkt.<\/p>\n<h3>Gr\u00f6\u00dfen<\/h3>\n<p>Erh\u00e4ltlich in den Gr\u00f6\u00dfen S, M, L, XL<\/p>\n<h3>Materialzusammensetzung<\/h3>\n<p>POWERNET ist ein super feines, stark dehnbares und robustes Netz: 96% Polyester | 4% Elasthan<\/p>\n<h3>Besonderheiten<\/h3>\n<p><a href=\"http:\/\/www.wojoer.de\/?s=live&#038;post_type=product\">LIVE Produkt<\/a> | besonders durchsichtig | sehr dehnbares Netzmaterial | hautenge Passform |intensives Neongelb | hochwertige Verarbeitung &#8220;Made in Germany&#8221;<\/p>\n<h3>Benutzerhinweise<\/h3>\n<p>30\u00b0 Schonw\u00e4sche | keine Weichsp\u00fcler | rasierte Haare zusammen mit starker Beanspruchung kann zum Ausfrieseln der Elasthanfasern f\u00fchren<\/p>\n<h3>POWERNET Pushup Pants Neongelb &#8211; neonfarbene Pants Beach Pants<\/h3>\n<p>Fruchtig, knallig und genial neon ist diese robuste Powernet Pants. Ihr Material ist Tragekomfort pur, denn es ist wahnsinnig atmungsaktiv, leicht k\u00fchlend, schnell trocknend und geruchsneutral. Aber bei den technischen Vorteilen ist noch lange nicht Schluss. Diese Shorts ist einfach Sahne, weil sie alles zeigt was du hast ohne die Spur von Untertreibung. Was das hei\u00dft? Mit ihrer arrogant m\u00e4nnlichen und frechen Pushup Form macht sie Socken in der Hose \u00fcberfl\u00fcssig. Denn sie pusht die M\u00e4nnlichkeit angenehm sanft und das ohne zu schummeln. Aber warte, das Beste kommt ja noch. Hast du es schon erahnt? Sie ist tats\u00e4chlich transparent! Du hast sicher schon ganz genau auf des Produkt-Bild geschaut und genau so wird es auch bei dir sein: alle werden zweimal hinsehen und sich fragen: \u201eSchimmert da etwas durch oder t\u00e4uscht das nur?\u201c Ein reizvoller Moment, den du unbedingt ausprobieren und nutzen solltest. Viel Spa\u00df beim K\u00f6pfe-Verdrehen!<\/p>\n","protected":false},"excerpt":{"rendered":"<p>Produktion nur auf Bestellung. Daher geh\u00f6rt ein neongelber POWERNET Pushup Pants Neongelb 333W426y in die Kategorie &#8220;LIVE&#8221;-Produkt.<br \/>\nGr\u00f6\u00dfen<br \/>\nErh\u00e4ltlich in den Gr\u00f6\u00dfen S, M, L, XL<br \/>\nMaterialzusammensetzung<br \/>\nPOWERNET ist ein super feines, stark dehnbares und robustes Netz: 96% Polyester | 4% Elasthan<br \/>\nBesonderheiten<br \/>\nLIVE Produkt |\u2026<\/p>\n","protected":false},"featured_media":9186,"comment_status":"open","ping_status":"closed","template":"","meta":[],"product_brand":[],"product_cat":[806,115,473,195,121,326],"product_tag":[108,246,273,430,387],"class_list":{"0":"post-9553","1":"product","2":"type-product","3":"status-publish","4":"has-post-thumbnail","6":"product_cat-powernet","7":"product_cat-beachwear","8":"product_cat-men","9":"product_cat-produktion-auf-bestellung-liveproduktion","10":"product_cat-underwear","11":"product_cat-wojoer","12":"product_tag-1beachwear","13":"product_tag-netz","14":"product_tag-pants","15":"product_tag-powernet","16":"product_tag-transparent","17":"product_shipping_class-beun","18":"pa_groesse-l","19":"pa_groesse-m","20":"pa_groesse-s","21":"pa_groesse-xl","22":"pif-has-gallery","23":"post-1","24":"odd","26":"first","27":"instock","28":"taxable","29":"shipping-taxable","30":"purchasable","31":"product-type-variable"},"yoast_head":"<!-- This site is optimized with the Yoast SEO plugin v27.2 - https:\/\/yoast.com\/product\/yoast-seo-wordpress\/ -->\n<title>Pushup Pants neongelb | Powernet WOJOER | Clubwear | Underwear<\/title>\n<meta name=\"description\" content=\"Pushup Pants Neongelb. Super bequem, luftig und praktisch sexy. Ein Hauch von Nichts. Atmungsaktiv, badetauglich, schnell trocknend. Iedeal als Unterw\u00e4sche, Badehose oder als Clubwear. Jetzt Versandkostenfrei online Bestellen.\" \/>\n<meta name=\"robots\" content=\"index, follow, max-snippet:-1, max-image-preview:large, max-video-preview:-1\" \/>\n<link rel=\"canonical\" href=\"https:\/\/www.wojoer.de\/en\/produkt\/pushup-pants-neongelb\/\" \/>\n<meta name=\"twitter:card\" content=\"summary_large_image\" \/>\n<meta name=\"twitter:title\" content=\"Pushup Pants neongelb | Powernet WOJOER | Clubwear | Underwear\" \/>\n<meta name=\"twitter:description\" content=\"Pushup Pants Neongelb. Super bequem, luftig und praktisch sexy. Ein Hauch von Nichts. Atmungsaktiv, badetauglich, schnell trocknend. Iedeal als Unterw\u00e4sche, Badehose oder als Clubwear. Jetzt Versandkostenfrei online Bestellen.\" \/>\n<meta name=\"twitter:image\" content=\"https:\/\/www.wojoer.de\/wp-content\/uploads\/2018\/03\/333W426y_powernet_pants_neongelb_wojoer.jpg\" \/>\n<meta name=\"twitter:label1\" content=\"Estimated reading time\" \/>\n\t<meta name=\"twitter:data1\" content=\"1 minute\" \/>\n<script type=\"application\/ld+json\" class=\"yoast-schema-graph\">{\"@context\":\"https:\/\/schema.org\",\"@graph\":[{\"@type\":\"WebPage\",\"@id\":\"https:\/\/www.wojoer.de\/produkt\/pushup-pants-neongelb\/\",\"url\":\"https:\/\/www.wojoer.de\/produkt\/pushup-pants-neongelb\/\",\"name\":\"Pushup Pants neongelb | Powernet WOJOER | Clubwear | Underwear\",\"isPartOf\":{\"@id\":\"https:\/\/www.wojoer.de\/#website\"},\"primaryImageOfPage\":{\"@id\":\"https:\/\/www.wojoer.de\/produkt\/pushup-pants-neongelb\/#primaryimage\"},\"image\":{\"@id\":\"https:\/\/www.wojoer.de\/produkt\/pushup-pants-neongelb\/#primaryimage\"},\"thumbnailUrl\":\"https:\/\/www.wojoer.de\/wp-content\/uploads\/2018\/03\/333W426y_powernet_pants_neongelb_wojoer.jpg\",\"datePublished\":\"2024-02-04T08:46:28+00:00\",\"dateModified\":\"2024-11-13T07:23:50+00:00\",\"description\":\"Pushup Pants Neongelb. Super bequem, luftig und praktisch sexy. Ein Hauch von Nichts. Atmungsaktiv, badetauglich, schnell trocknend. Iedeal als Unterw\u00e4sche, Badehose oder als Clubwear. Jetzt Versandkostenfrei online Bestellen.\",\"breadcrumb\":{\"@id\":\"https:\/\/www.wojoer.de\/produkt\/pushup-pants-neongelb\/#breadcrumb\"},\"inLanguage\":\"en-GB\",\"potentialAction\":[{\"@type\":\"ReadAction\",\"target\":[\"https:\/\/www.wojoer.de\/produkt\/pushup-pants-neongelb\/\"]}]},{\"@type\":\"ImageObject\",\"inLanguage\":\"en-GB\",\"@id\":\"https:\/\/www.wojoer.de\/produkt\/pushup-pants-neongelb\/#primaryimage\",\"url\":\"https:\/\/www.wojoer.de\/wp-content\/uploads\/2018\/03\/333W426y_powernet_pants_neongelb_wojoer.jpg\",\"contentUrl\":\"https:\/\/www.wojoer.de\/wp-content\/uploads\/2018\/03\/333W426y_powernet_pants_neongelb_wojoer.jpg\",\"width\":2002,\"height\":2002,\"caption\":\"pushup pants neongelb\"},{\"@type\":\"BreadcrumbList\",\"@id\":\"https:\/\/www.wojoer.de\/produkt\/pushup-pants-neongelb\/#breadcrumb\",\"itemListElement\":[{\"@type\":\"ListItem\",\"position\":1,\"name\":\"Startseite\",\"item\":\"https:\/\/www.wojoer.de\/\"},{\"@type\":\"ListItem\",\"position\":2,\"name\":\"SHOP\",\"item\":\"https:\/\/www.wojoer.de\/shop\/\"},{\"@type\":\"ListItem\",\"position\":3,\"name\":\"Bade Netz Pants Neongelb 333W426y\"}]},{\"@type\":\"WebSite\",\"@id\":\"https:\/\/www.wojoer.de\/#website\",\"url\":\"https:\/\/www.wojoer.de\/\",\"name\":\"WOJOER\",\"description\":\"clubwear for men\",\"publisher\":{\"@id\":\"https:\/\/www.wojoer.de\/#organization\"},\"potentialAction\":[{\"@type\":\"SearchAction\",\"target\":{\"@type\":\"EntryPoint\",\"urlTemplate\":\"https:\/\/www.wojoer.de\/?s={search_term_string}\"},\"query-input\":{\"@type\":\"PropertyValueSpecification\",\"valueRequired\":true,\"valueName\":\"search_term_string\"}}],\"inLanguage\":\"en-GB\"},{\"@type\":\"Organization\",\"@id\":\"https:\/\/www.wojoer.de\/#organization\",\"name\":\"Wonneberger-Manufaktur\",\"url\":\"https:\/\/www.wojoer.de\/\",\"logo\":{\"@type\":\"ImageObject\",\"inLanguage\":\"en-GB\",\"@id\":\"https:\/\/www.wojoer.de\/#\/schema\/logo\/image\/\",\"url\":\"https:\/\/www.wojoer.de\/wp-content\/uploads\/2016\/11\/wonnebergermanufaktur_logo_BUTTON.png\",\"contentUrl\":\"https:\/\/www.wojoer.de\/wp-content\/uploads\/2016\/11\/wonnebergermanufaktur_logo_BUTTON.png\",\"width\":765,\"height\":765,\"caption\":\"Wonneberger-Manufaktur\"},\"image\":{\"@id\":\"https:\/\/www.wojoer.de\/#\/schema\/logo\/image\/\"},\"sameAs\":[\"https:\/\/www.facebook.com\/wojoer\/\",\"https:\/\/de.pinterest.com\/W0J0ER\/\"]}]}<\/script>\n<!-- \/ Yoast SEO plugin. -->","yoast_head_json":{"title":"Pushup Pants neongelb | Powernet WOJOER | Clubwear | Underwear","description":"Pushup Pants Neongelb. Super bequem, luftig und praktisch sexy. Ein Hauch von Nichts. Atmungsaktiv, badetauglich, schnell trocknend. Iedeal als Unterw\u00e4sche, Badehose oder als Clubwear. Jetzt Versandkostenfrei online Bestellen.","robots":{"index":"index","follow":"follow","max-snippet":"max-snippet:-1","max-image-preview":"max-image-preview:large","max-video-preview":"max-video-preview:-1"},"canonical":"https:\/\/www.wojoer.de\/en\/produkt\/pushup-pants-neongelb\/","twitter_card":"summary_large_image","twitter_title":"Pushup Pants neongelb | Powernet WOJOER | Clubwear | Underwear","twitter_description":"Pushup Pants Neongelb. Super bequem, luftig und praktisch sexy. Ein Hauch von Nichts. Atmungsaktiv, badetauglich, schnell trocknend. Iedeal als Unterw\u00e4sche, Badehose oder als Clubwear. Jetzt Versandkostenfrei online Bestellen.","twitter_image":"https:\/\/www.wojoer.de\/wp-content\/uploads\/2018\/03\/333W426y_powernet_pants_neongelb_wojoer.jpg","twitter_misc":{"Estimated reading time":"1 minute"},"schema":{"@context":"https:\/\/schema.org","@graph":[{"@type":"WebPage","@id":"https:\/\/www.wojoer.de\/produkt\/pushup-pants-neongelb\/","url":"https:\/\/www.wojoer.de\/produkt\/pushup-pants-neongelb\/","name":"Pushup Pants neongelb | Powernet WOJOER | Clubwear | Underwear","isPartOf":{"@id":"https:\/\/www.wojoer.de\/#website"},"primaryImageOfPage":{"@id":"https:\/\/www.wojoer.de\/produkt\/pushup-pants-neongelb\/#primaryimage"},"image":{"@id":"https:\/\/www.wojoer.de\/produkt\/pushup-pants-neongelb\/#primaryimage"},"thumbnailUrl":"https:\/\/www.wojoer.de\/wp-content\/uploads\/2018\/03\/333W426y_powernet_pants_neongelb_wojoer.jpg","datePublished":"2024-02-04T08:46:28+00:00","dateModified":"2024-11-13T07:23:50+00:00","description":"Pushup Pants Neongelb. Super bequem, luftig und praktisch sexy. Ein Hauch von Nichts. Atmungsaktiv, badetauglich, schnell trocknend. Iedeal als Unterw\u00e4sche, Badehose oder als Clubwear. Jetzt Versandkostenfrei online Bestellen.","breadcrumb":{"@id":"https:\/\/www.wojoer.de\/produkt\/pushup-pants-neongelb\/#breadcrumb"},"inLanguage":"en-GB","potentialAction":[{"@type":"ReadAction","target":["https:\/\/www.wojoer.de\/produkt\/pushup-pants-neongelb\/"]}]},{"@type":"ImageObject","inLanguage":"en-GB","@id":"https:\/\/www.wojoer.de\/produkt\/pushup-pants-neongelb\/#primaryimage","url":"https:\/\/www.wojoer.de\/wp-content\/uploads\/2018\/03\/333W426y_powernet_pants_neongelb_wojoer.jpg","contentUrl":"https:\/\/www.wojoer.de\/wp-content\/uploads\/2018\/03\/333W426y_powernet_pants_neongelb_wojoer.jpg","width":2002,"height":2002,"caption":"pushup pants neongelb"},{"@type":"BreadcrumbList","@id":"https:\/\/www.wojoer.de\/produkt\/pushup-pants-neongelb\/#breadcrumb","itemListElement":[{"@type":"ListItem","position":1,"name":"Startseite","item":"https:\/\/www.wojoer.de\/"},{"@type":"ListItem","position":2,"name":"SHOP","item":"https:\/\/www.wojoer.de\/shop\/"},{"@type":"ListItem","position":3,"name":"Bade Netz Pants Neongelb 333W426y"}]},{"@type":"WebSite","@id":"https:\/\/www.wojoer.de\/#website","url":"https:\/\/www.wojoer.de\/","name":"WOJOER","description":"clubwear for men","publisher":{"@id":"https:\/\/www.wojoer.de\/#organization"},"potentialAction":[{"@type":"SearchAction","target":{"@type":"EntryPoint","urlTemplate":"https:\/\/www.wojoer.de\/?s={search_term_string}"},"query-input":{"@type":"PropertyValueSpecification","valueRequired":true,"valueName":"search_term_string"}}],"inLanguage":"en-GB"},{"@type":"Organization","@id":"https:\/\/www.wojoer.de\/#organization","name":"Wonneberger-Manufaktur","url":"https:\/\/www.wojoer.de\/","logo":{"@type":"ImageObject","inLanguage":"en-GB","@id":"https:\/\/www.wojoer.de\/#\/schema\/logo\/image\/","url":"https:\/\/www.wojoer.de\/wp-content\/uploads\/2016\/11\/wonnebergermanufaktur_logo_BUTTON.png","contentUrl":"https:\/\/www.wojoer.de\/wp-content\/uploads\/2016\/11\/wonnebergermanufaktur_logo_BUTTON.png","width":765,"height":765,"caption":"Wonneberger-Manufaktur"},"image":{"@id":"https:\/\/www.wojoer.de\/#\/schema\/logo\/image\/"},"sameAs":["https:\/\/www.facebook.com\/wojoer\/","https:\/\/de.pinterest.com\/W0J0ER\/"]}]}},"_links":{"self":[{"href":"https:\/\/www.wojoer.de\/en\/wp-json\/wp\/v2\/product\/9553","targetHints":{"allow":["GET"]}}],"collection":[{"href":"https:\/\/www.wojoer.de\/en\/wp-json\/wp\/v2\/product"}],"about":[{"href":"https:\/\/www.wojoer.de\/en\/wp-json\/wp\/v2\/types\/product"}],"replies":[{"embeddable":true,"href":"https:\/\/www.wojoer.de\/en\/wp-json\/wp\/v2\/comments?post=9553"}],"wp:featuredmedia":[{"embeddable":true,"href":"https:\/\/www.wojoer.de\/en\/wp-json\/wp\/v2\/media\/9186"}],"wp:attachment":[{"href":"https:\/\/www.wojoer.de\/en\/wp-json\/wp\/v2\/media?parent=9553"}],"wp:term":[{"taxonomy":"product_brand","embeddable":true,"href":"https:\/\/www.wojoer.de\/en\/wp-json\/wp\/v2\/product_brand?post=9553"},{"taxonomy":"product_cat","embeddable":true,"href":"https:\/\/www.wojoer.de\/en\/wp-json\/wp\/v2\/product_cat?post=9553"},{"taxonomy":"product_tag","embeddable":true,"href":"https:\/\/www.wojoer.de\/en\/wp-json\/wp\/v2\/product_tag?post=9553"}],"curies":[{"name":"wp","href":"https:\/\/api.w.org\/{rel}","templated":true}]}}