{"id":9632,"date":"2018-09-04T08:15:21","date_gmt":"2018-09-04T06:15:21","guid":{"rendered":"https:\/\/www.wojoer.de\/produkt\/mini-push-up-tanga\/"},"modified":"2025-09-23T08:49:15","modified_gmt":"2025-09-23T06:49:15","slug":"mini-push-up-tanga-holographic-tanga","status":"publish","type":"product","link":"https:\/\/www.wojoer.de\/en\/produkt\/mini-push-up-tanga-holographic-tanga\/","title":{"rendered":"Holo Mini Push Up Tanga | 351D14"},"content":{"rendered":"<p>Der\u00a0Mini push up Tanga\u00a0holographic tanga 351D14 geh\u00f6rt in die Life-Produktion. Das hei\u00dft er wird auf Bestellung produziert und kann so auch individuell bearbeitet werden.<\/p>\n<h3>Gr\u00f6\u00dfen<\/h3>\n<p>Erh\u00e4ltlich in den Gr\u00f6\u00dfen S, M, L, XL<\/p>\n<h3>Materialzusammensetzung<\/h3>\n<p>leicht denhbarer Lack: Polyester 70% Elasthan 3% Polyurethan<\/p>\n<h3>Besonderheiten<\/h3>\n<p><a href=\"http:\/\/www.wojoer.de\/produkt-kategorie\/produktion-auf-bestellung-liveproduktion\/\">LIVE-Produkt<\/a>\u00a0 | Lack | maximaler Push up | holographischer Effekt | mittlerer schmaler Bund | hochwertige Verarbeitung &#8220;Made in Germany&#8221;<\/p>\n<h3>Benutzerhinweise<\/h3>\n<p>Handw\u00e4sche<\/p>\n<h3>MINIPUSHUP HOLO TANGA &#8211; holographischer Lackeffekt &#8211;\u00a0holographic tanga<\/h3>\n<p><span class=\"hiddenSpellError\">Achtung-<\/span> damit werden K\u00f6pfe verdreht. Der wundersch\u00f6ne <span class=\"hiddenSpellError\">Holo<\/span> <span class=\"hiddenSpellError\">Minin<\/span> <span class=\"hiddenSpellError\">Push-up<\/span> Tanga l\u00e4sst deine Vorz\u00fcge im Gl\u00e4nze erstrahlen. So gl\u00e4nzend wie er ist, will man ihm Aufmerksamkeit schenken und dich ber\u00fchren. Das weiche Innenmaterial sorgt f\u00fcr einen angenehmen Tragekomfort und einen perfekt sitzenden Po. Hier bleibt alles da wo es sein soll. Dazu pusht dieser <span class=\"hiddenSpellError\">Holo<\/span> Mini <span class=\"hiddenSpellError\">Push<\/span> <span class=\"hiddenSpellError\">Up<\/span> Tanga dein Glied maximal \u2013 du wirst es kaum glauben. Im Club bist du auf jeden Fall DER Blickfang.<\/p>\n","protected":false},"excerpt":{"rendered":"<p>Der\u00a0Mini push up Tanga\u00a0holographic tanga 351D14 geh\u00f6rt in die Life-Produktion. Das hei\u00dft er wird auf Bestellung produziert und kann so auch individuell bearbeitet werden.<br \/>\nGr\u00f6\u00dfen<br \/>\nErh\u00e4ltlich in den Gr\u00f6\u00dfen S, M, L, XL<br \/>\nMaterialzusammensetzung<br \/>\nleicht denhbarer Lack: Polyester 70% Elasthan 3% Polyurethan<br \/>\nBesonderheiten<br \/>\nLIVE-Produkt\u00a0 | Lack\u2026<\/p>\n","protected":false},"featured_media":9223,"comment_status":"open","ping_status":"closed","template":"","meta":[],"product_brand":[],"product_cat":[815,116,473,195,326],"product_tag":[215,303,362,294,184,167],"class_list":{"0":"post-9632","1":"product","2":"type-product","3":"status-publish","4":"has-post-thumbnail","6":"product_cat-351-holo","7":"product_cat-clubwear","8":"product_cat-men","9":"product_cat-produktion-auf-bestellung-liveproduktion","10":"product_cat-wojoer","11":"product_tag-bulge-tanga-mini-pushup-tanga-g-tanga","12":"product_tag-glitzer","13":"product_tag-holographic","14":"product_tag-lack","15":"product_tag-push-up","16":"product_tag-tanga","17":"product_shipping_class-beun","18":"pa_groesse-l","19":"pa_groesse-m","20":"pa_groesse-s","21":"pa_groesse-xl","22":"pa_groesse-xxl","23":"pa_groesse-xxxl","24":"pif-has-gallery","25":"post-1","26":"odd","28":"first","29":"onbackorder","30":"taxable","31":"shipping-taxable","32":"purchasable","33":"product-type-variable","34":"has-default-attributes"},"yoast_head":"<!-- This site is optimized with the Yoast SEO plugin v27.2 - https:\/\/yoast.com\/product\/yoast-seo-wordpress\/ -->\n<title>holographic tanga | Mini push up Tanga | Lack | Holo | Clubwear | WOJOER<\/title>\n<meta name=\"description\" content=\"holographic tanga. Glatt gl\u00e4nzender Mini push up Tanga , angenehm fester M\u00e4nner Pushup Tanga. Sch\u00f6ner Holo look. Jetzt online Versandkostenfrei bestellen bei WOJOER!\" \/>\n<meta name=\"robots\" content=\"index, follow, max-snippet:-1, max-image-preview:large, max-video-preview:-1\" \/>\n<link rel=\"canonical\" href=\"https:\/\/www.wojoer.de\/en\/produkt\/mini-push-up-tanga-holographic-tanga\/\" \/>\n<meta name=\"twitter:card\" content=\"summary_large_image\" \/>\n<meta name=\"twitter:title\" content=\"holographic tanga | Mini push up Tanga | Lack | Holo | Clubwear | WOJOER\" \/>\n<meta name=\"twitter:description\" content=\"holographic tanga. Glatt gl\u00e4nzender Mini push up Tanga , angenehm fester M\u00e4nner Pushup Tanga. Sch\u00f6ner Holo look. Jetzt online Versandkostenfrei bestellen bei WOJOER!\" \/>\n<meta name=\"twitter:image\" content=\"https:\/\/www.wojoer.de\/wp-content\/uploads\/2018\/03\/351B14_holo_minipushup_tanga_wojoer.jpg\" \/>\n<meta name=\"twitter:label1\" content=\"Estimated reading time\" \/>\n\t<meta name=\"twitter:data1\" content=\"1 minute\" \/>\n<script type=\"application\/ld+json\" class=\"yoast-schema-graph\">{\"@context\":\"https:\/\/schema.org\",\"@graph\":[{\"@type\":\"WebPage\",\"@id\":\"https:\/\/www.wojoer.de\/produkt\/mini-push-up-tanga-holographic-tanga\/\",\"url\":\"https:\/\/www.wojoer.de\/produkt\/mini-push-up-tanga-holographic-tanga\/\",\"name\":\"holographic tanga | Mini push up Tanga | Lack | Holo | Clubwear | WOJOER\",\"isPartOf\":{\"@id\":\"https:\/\/www.wojoer.de\/#website\"},\"primaryImageOfPage\":{\"@id\":\"https:\/\/www.wojoer.de\/produkt\/mini-push-up-tanga-holographic-tanga\/#primaryimage\"},\"image\":{\"@id\":\"https:\/\/www.wojoer.de\/produkt\/mini-push-up-tanga-holographic-tanga\/#primaryimage\"},\"thumbnailUrl\":\"https:\/\/www.wojoer.de\/wp-content\/uploads\/2018\/03\/351B14_holo_minipushup_tanga_wojoer.jpg\",\"datePublished\":\"2018-09-04T06:15:21+00:00\",\"dateModified\":\"2025-09-23T06:49:15+00:00\",\"description\":\"holographic tanga. Glatt gl\u00e4nzender Mini push up Tanga , angenehm fester M\u00e4nner Pushup Tanga. Sch\u00f6ner Holo look. Jetzt online Versandkostenfrei bestellen bei WOJOER!\",\"breadcrumb\":{\"@id\":\"https:\/\/www.wojoer.de\/produkt\/mini-push-up-tanga-holographic-tanga\/#breadcrumb\"},\"inLanguage\":\"en-GB\",\"potentialAction\":[{\"@type\":\"ReadAction\",\"target\":[\"https:\/\/www.wojoer.de\/produkt\/mini-push-up-tanga-holographic-tanga\/\"]}]},{\"@type\":\"ImageObject\",\"inLanguage\":\"en-GB\",\"@id\":\"https:\/\/www.wojoer.de\/produkt\/mini-push-up-tanga-holographic-tanga\/#primaryimage\",\"url\":\"https:\/\/www.wojoer.de\/wp-content\/uploads\/2018\/03\/351B14_holo_minipushup_tanga_wojoer.jpg\",\"contentUrl\":\"https:\/\/www.wojoer.de\/wp-content\/uploads\/2018\/03\/351B14_holo_minipushup_tanga_wojoer.jpg\",\"width\":2002,\"height\":2002,\"caption\":\"Minipushup Holo Tanga, holographic tanga\"},{\"@type\":\"BreadcrumbList\",\"@id\":\"https:\/\/www.wojoer.de\/produkt\/mini-push-up-tanga-holographic-tanga\/#breadcrumb\",\"itemListElement\":[{\"@type\":\"ListItem\",\"position\":1,\"name\":\"Startseite\",\"item\":\"https:\/\/www.wojoer.de\/\"},{\"@type\":\"ListItem\",\"position\":2,\"name\":\"SHOP\",\"item\":\"https:\/\/www.wojoer.de\/shop\/\"},{\"@type\":\"ListItem\",\"position\":3,\"name\":\"Holo Mini Push Up Tanga | 351D14\"}]},{\"@type\":\"WebSite\",\"@id\":\"https:\/\/www.wojoer.de\/#website\",\"url\":\"https:\/\/www.wojoer.de\/\",\"name\":\"WOJOER\",\"description\":\"clubwear for men\",\"publisher\":{\"@id\":\"https:\/\/www.wojoer.de\/#organization\"},\"potentialAction\":[{\"@type\":\"SearchAction\",\"target\":{\"@type\":\"EntryPoint\",\"urlTemplate\":\"https:\/\/www.wojoer.de\/?s={search_term_string}\"},\"query-input\":{\"@type\":\"PropertyValueSpecification\",\"valueRequired\":true,\"valueName\":\"search_term_string\"}}],\"inLanguage\":\"en-GB\"},{\"@type\":\"Organization\",\"@id\":\"https:\/\/www.wojoer.de\/#organization\",\"name\":\"Wonneberger-Manufaktur\",\"url\":\"https:\/\/www.wojoer.de\/\",\"logo\":{\"@type\":\"ImageObject\",\"inLanguage\":\"en-GB\",\"@id\":\"https:\/\/www.wojoer.de\/#\/schema\/logo\/image\/\",\"url\":\"https:\/\/www.wojoer.de\/wp-content\/uploads\/2016\/11\/wonnebergermanufaktur_logo_BUTTON.png\",\"contentUrl\":\"https:\/\/www.wojoer.de\/wp-content\/uploads\/2016\/11\/wonnebergermanufaktur_logo_BUTTON.png\",\"width\":765,\"height\":765,\"caption\":\"Wonneberger-Manufaktur\"},\"image\":{\"@id\":\"https:\/\/www.wojoer.de\/#\/schema\/logo\/image\/\"},\"sameAs\":[\"https:\/\/www.facebook.com\/wojoer\/\",\"https:\/\/de.pinterest.com\/W0J0ER\/\"]}]}<\/script>\n<!-- \/ Yoast SEO plugin. -->","yoast_head_json":{"title":"holographic tanga | Mini push up Tanga | Lack | Holo | Clubwear | WOJOER","description":"holographic tanga. Glatt gl\u00e4nzender Mini push up Tanga , angenehm fester M\u00e4nner Pushup Tanga. Sch\u00f6ner Holo look. Jetzt online Versandkostenfrei bestellen bei WOJOER!","robots":{"index":"index","follow":"follow","max-snippet":"max-snippet:-1","max-image-preview":"max-image-preview:large","max-video-preview":"max-video-preview:-1"},"canonical":"https:\/\/www.wojoer.de\/en\/produkt\/mini-push-up-tanga-holographic-tanga\/","twitter_card":"summary_large_image","twitter_title":"holographic tanga | Mini push up Tanga | Lack | Holo | Clubwear | WOJOER","twitter_description":"holographic tanga. Glatt gl\u00e4nzender Mini push up Tanga , angenehm fester M\u00e4nner Pushup Tanga. Sch\u00f6ner Holo look. Jetzt online Versandkostenfrei bestellen bei WOJOER!","twitter_image":"https:\/\/www.wojoer.de\/wp-content\/uploads\/2018\/03\/351B14_holo_minipushup_tanga_wojoer.jpg","twitter_misc":{"Estimated reading time":"1 minute"},"schema":{"@context":"https:\/\/schema.org","@graph":[{"@type":"WebPage","@id":"https:\/\/www.wojoer.de\/produkt\/mini-push-up-tanga-holographic-tanga\/","url":"https:\/\/www.wojoer.de\/produkt\/mini-push-up-tanga-holographic-tanga\/","name":"holographic tanga | Mini push up Tanga | Lack | Holo | Clubwear | WOJOER","isPartOf":{"@id":"https:\/\/www.wojoer.de\/#website"},"primaryImageOfPage":{"@id":"https:\/\/www.wojoer.de\/produkt\/mini-push-up-tanga-holographic-tanga\/#primaryimage"},"image":{"@id":"https:\/\/www.wojoer.de\/produkt\/mini-push-up-tanga-holographic-tanga\/#primaryimage"},"thumbnailUrl":"https:\/\/www.wojoer.de\/wp-content\/uploads\/2018\/03\/351B14_holo_minipushup_tanga_wojoer.jpg","datePublished":"2018-09-04T06:15:21+00:00","dateModified":"2025-09-23T06:49:15+00:00","description":"holographic tanga. Glatt gl\u00e4nzender Mini push up Tanga , angenehm fester M\u00e4nner Pushup Tanga. Sch\u00f6ner Holo look. Jetzt online Versandkostenfrei bestellen bei WOJOER!","breadcrumb":{"@id":"https:\/\/www.wojoer.de\/produkt\/mini-push-up-tanga-holographic-tanga\/#breadcrumb"},"inLanguage":"en-GB","potentialAction":[{"@type":"ReadAction","target":["https:\/\/www.wojoer.de\/produkt\/mini-push-up-tanga-holographic-tanga\/"]}]},{"@type":"ImageObject","inLanguage":"en-GB","@id":"https:\/\/www.wojoer.de\/produkt\/mini-push-up-tanga-holographic-tanga\/#primaryimage","url":"https:\/\/www.wojoer.de\/wp-content\/uploads\/2018\/03\/351B14_holo_minipushup_tanga_wojoer.jpg","contentUrl":"https:\/\/www.wojoer.de\/wp-content\/uploads\/2018\/03\/351B14_holo_minipushup_tanga_wojoer.jpg","width":2002,"height":2002,"caption":"Minipushup Holo Tanga, holographic tanga"},{"@type":"BreadcrumbList","@id":"https:\/\/www.wojoer.de\/produkt\/mini-push-up-tanga-holographic-tanga\/#breadcrumb","itemListElement":[{"@type":"ListItem","position":1,"name":"Startseite","item":"https:\/\/www.wojoer.de\/"},{"@type":"ListItem","position":2,"name":"SHOP","item":"https:\/\/www.wojoer.de\/shop\/"},{"@type":"ListItem","position":3,"name":"Holo Mini Push Up Tanga | 351D14"}]},{"@type":"WebSite","@id":"https:\/\/www.wojoer.de\/#website","url":"https:\/\/www.wojoer.de\/","name":"WOJOER","description":"clubwear for men","publisher":{"@id":"https:\/\/www.wojoer.de\/#organization"},"potentialAction":[{"@type":"SearchAction","target":{"@type":"EntryPoint","urlTemplate":"https:\/\/www.wojoer.de\/?s={search_term_string}"},"query-input":{"@type":"PropertyValueSpecification","valueRequired":true,"valueName":"search_term_string"}}],"inLanguage":"en-GB"},{"@type":"Organization","@id":"https:\/\/www.wojoer.de\/#organization","name":"Wonneberger-Manufaktur","url":"https:\/\/www.wojoer.de\/","logo":{"@type":"ImageObject","inLanguage":"en-GB","@id":"https:\/\/www.wojoer.de\/#\/schema\/logo\/image\/","url":"https:\/\/www.wojoer.de\/wp-content\/uploads\/2016\/11\/wonnebergermanufaktur_logo_BUTTON.png","contentUrl":"https:\/\/www.wojoer.de\/wp-content\/uploads\/2016\/11\/wonnebergermanufaktur_logo_BUTTON.png","width":765,"height":765,"caption":"Wonneberger-Manufaktur"},"image":{"@id":"https:\/\/www.wojoer.de\/#\/schema\/logo\/image\/"},"sameAs":["https:\/\/www.facebook.com\/wojoer\/","https:\/\/de.pinterest.com\/W0J0ER\/"]}]}},"_links":{"self":[{"href":"https:\/\/www.wojoer.de\/en\/wp-json\/wp\/v2\/product\/9632","targetHints":{"allow":["GET"]}}],"collection":[{"href":"https:\/\/www.wojoer.de\/en\/wp-json\/wp\/v2\/product"}],"about":[{"href":"https:\/\/www.wojoer.de\/en\/wp-json\/wp\/v2\/types\/product"}],"replies":[{"embeddable":true,"href":"https:\/\/www.wojoer.de\/en\/wp-json\/wp\/v2\/comments?post=9632"}],"wp:featuredmedia":[{"embeddable":true,"href":"https:\/\/www.wojoer.de\/en\/wp-json\/wp\/v2\/media\/9223"}],"wp:attachment":[{"href":"https:\/\/www.wojoer.de\/en\/wp-json\/wp\/v2\/media?parent=9632"}],"wp:term":[{"taxonomy":"product_brand","embeddable":true,"href":"https:\/\/www.wojoer.de\/en\/wp-json\/wp\/v2\/product_brand?post=9632"},{"taxonomy":"product_cat","embeddable":true,"href":"https:\/\/www.wojoer.de\/en\/wp-json\/wp\/v2\/product_cat?post=9632"},{"taxonomy":"product_tag","embeddable":true,"href":"https:\/\/www.wojoer.de\/en\/wp-json\/wp\/v2\/product_tag?post=9632"}],"curies":[{"name":"wp","href":"https:\/\/api.w.org\/{rel}","templated":true}]}}