{"id":9783,"date":"2018-04-24T14:23:20","date_gmt":"2018-04-24T12:23:20","guid":{"rendered":"https:\/\/www.wojoer.de\/produkt\/lack-polo-shirt\/"},"modified":"2024-08-20T12:14:50","modified_gmt":"2024-08-20T10:14:50","slug":"lack-polo-shirt","status":"publish","type":"product","link":"https:\/\/www.wojoer.de\/en\/produkt\/lack-polo-shirt\/","title":{"rendered":"Lack Polo Shirt 355P1"},"content":{"rendered":"<p>Das Lack Polo Shirt 355P1 geh\u00f6rt zu den Wojoer LIVE-Produkten. Sie werden ab Bestellung bei uns produziert. So k\u00f6nnen wir auf Kundenw\u00fcnsche individuell eingehen.<\/p>\n<h3>Gr\u00f6\u00dfen<\/h3>\n<p>Erh\u00e4ltlich in den Gr\u00f6\u00dfen S, M, L, XL<\/p>\n<h3>Materialzusammensetzung<\/h3>\n<p>Wei\u00df: 100% Polyester<\/p>\n<h3>Besonderheiten<\/h3>\n<p><a href=\"http:\/\/www.wojoer.de\/?s=LIVE&#038;post_type=product\">LIVE-Produkt<\/a> \u00a0| glatt gl\u00e4nzende Oberfl\u00e4chenoptik | wei\u00dfer Lack | schwarze Kn\u00f6pfe und grobe schwarze N\u00e4hte | enge Passform | hochwertige Verarbeitung &#8220;Made in Germany&#8221;<\/p>\n<h3><strong>Benutzerhinweise<\/strong><\/h3>\n<p>Handw\u00e4sche. Dazu kommt, dass wei\u00dfer Lack farbanf\u00e4llig ist und somit mit keinen anders farblichen Textilien zusammengebracht werden darf.<\/p>\n<h3><strong>Achtung<\/strong><\/h3>\n<p>Verf\u00e4rbungen des Materials schlie\u00dfen R\u00fcckerstattungen aus.<\/p>\n<h3>LACK POLO SHIRT- sexy Polo Shirt for men<\/h3>\n<p>Was passiert, wenn wei\u00dfe S\u00fcnde auf schwarze Verf\u00fchrung trifft? Wow, dann entsteht eine hei\u00dfe Mischung aus Eleganz und Extravaganz. Denn der wei\u00dfe Hochglanzlack des Lack-Shirts verlangt nach sofortiger Ber\u00fchrung. Und die schwarzen, groben N\u00e4hte und zwei schwarzen Kn\u00f6pfe bilden einen spannenden Kontrast dazu, sodass ein h\u00f6chst extravaganter Stil entsteht. Der anliegende Polo-Schnitt wirkt sportlich und aufreizend zu gleich, durch diese gewagte Materialwahl. Sei elegant und besonders zugleich, mit dem WOJOER Lack Polo-Shirt.<\/p>\n<p>&nbsp;<\/p>\n","protected":false},"excerpt":{"rendered":"<p>Das Lack Polo Shirt 355P1 geh\u00f6rt zu den Wojoer LIVE-Produkten. Sie werden ab Bestellung bei uns produziert. So k\u00f6nnen wir auf Kundenw\u00fcnsche individuell eingehen.<br \/>\nGr\u00f6\u00dfen<br \/>\nErh\u00e4ltlich in den Gr\u00f6\u00dfen S, M, L, XL<br \/>\nMaterialzusammensetzung<br \/>\nWei\u00df: 100% Polyester<br \/>\nBesonderheiten<br \/>\nLIVE-Produkt \u00a0| glatt gl\u00e4nzende Oberfl\u00e4chenoptik | wei\u00dfer Lack\u2026<\/p>\n","protected":false},"featured_media":9327,"comment_status":"open","ping_status":"closed","template":"","meta":[],"product_brand":[],"product_cat":[112,817,114,473,195,326],"product_tag":[250,194,561,856],"class_list":{"0":"post-9783","1":"product","2":"type-product","3":"status-publish","4":"has-post-thumbnail","6":"product_cat-309-neopren","7":"product_cat-355-lack-neopren","8":"product_cat-fetisch","9":"product_cat-men","10":"product_cat-produktion-auf-bestellung-liveproduktion","11":"product_cat-wojoer","12":"product_tag-funktion","13":"product_tag-leatherlike","14":"product_tag-poloshirt","15":"product_tag-shirt","16":"product_shipping_class-neopren","17":"pa_groesse-l","18":"pa_groesse-m","19":"pa_groesse-s","20":"pa_groesse-xl","21":"pif-has-gallery","22":"post-1","23":"odd","25":"first","26":"onbackorder","27":"taxable","28":"shipping-taxable","29":"purchasable","30":"product-type-variable","31":"has-default-attributes"},"yoast_head":"<!-- This site is optimized with the Yoast SEO plugin v27.2 - https:\/\/yoast.com\/product\/yoast-seo-wordpress\/ -->\n<title>Lack Polo | Wei\u00df | Slip | Lack | Neopren | WOJOER<\/title>\n<meta name=\"description\" content=\"Lack Polo. Nicht nur das in Deutschland gefertigte Glatthautneopren ist ungewohnt erotisch, auch die Lack Verarbeitung ist \u00fcberzeugend\" \/>\n<meta name=\"robots\" content=\"index, follow, max-snippet:-1, max-image-preview:large, max-video-preview:-1\" \/>\n<link rel=\"canonical\" href=\"https:\/\/www.wojoer.de\/en\/produkt\/lack-polo-shirt\/\" \/>\n<meta name=\"twitter:card\" content=\"summary_large_image\" \/>\n<meta name=\"twitter:title\" content=\"Lack Polo | Wei\u00df | Slip | Lack | Neopren | WOJOER\" \/>\n<meta name=\"twitter:description\" content=\"Lack Polo. Nicht nur das in Deutschland gefertigte Glatthautneopren ist ungewohnt erotisch, auch die Lack Verarbeitung ist \u00fcberzeugend\" \/>\n<meta name=\"twitter:image\" content=\"https:\/\/www.wojoer.de\/wp-content\/uploads\/2018\/03\/355P1_LackNeopren_polo_wojoer.jpg\" \/>\n<meta name=\"twitter:label1\" content=\"Estimated reading time\" \/>\n\t<meta name=\"twitter:data1\" content=\"1 minute\" \/>\n<script type=\"application\/ld+json\" class=\"yoast-schema-graph\">{\"@context\":\"https:\/\/schema.org\",\"@graph\":[{\"@type\":\"WebPage\",\"@id\":\"https:\/\/www.wojoer.de\/en\/produkt\/lack-polo-shirt\/\",\"url\":\"https:\/\/www.wojoer.de\/en\/produkt\/lack-polo-shirt\/\",\"name\":\"Lack Polo | Wei\u00df | Slip | Lack | Neopren | WOJOER\",\"isPartOf\":{\"@id\":\"https:\/\/www.wojoer.de\/#website\"},\"primaryImageOfPage\":{\"@id\":\"https:\/\/www.wojoer.de\/en\/produkt\/lack-polo-shirt\/#primaryimage\"},\"image\":{\"@id\":\"https:\/\/www.wojoer.de\/en\/produkt\/lack-polo-shirt\/#primaryimage\"},\"thumbnailUrl\":\"https:\/\/www.wojoer.de\/wp-content\/uploads\/2018\/03\/355P1_LackNeopren_polo_wojoer.jpg\",\"datePublished\":\"2018-04-24T12:23:20+00:00\",\"dateModified\":\"2024-08-20T10:14:50+00:00\",\"description\":\"Lack Polo. Nicht nur das in Deutschland gefertigte Glatthautneopren ist ungewohnt erotisch, auch die Lack Verarbeitung ist \u00fcberzeugend\",\"breadcrumb\":{\"@id\":\"https:\/\/www.wojoer.de\/en\/produkt\/lack-polo-shirt\/#breadcrumb\"},\"inLanguage\":\"en-GB\",\"potentialAction\":[{\"@type\":\"ReadAction\",\"target\":[\"https:\/\/www.wojoer.de\/en\/produkt\/lack-polo-shirt\/\"]}]},{\"@type\":\"ImageObject\",\"inLanguage\":\"en-GB\",\"@id\":\"https:\/\/www.wojoer.de\/en\/produkt\/lack-polo-shirt\/#primaryimage\",\"url\":\"https:\/\/www.wojoer.de\/wp-content\/uploads\/2018\/03\/355P1_LackNeopren_polo_wojoer.jpg\",\"contentUrl\":\"https:\/\/www.wojoer.de\/wp-content\/uploads\/2018\/03\/355P1_LackNeopren_polo_wojoer.jpg\",\"width\":2002,\"height\":2002,\"caption\":\"Lack Polo shirt wei\u00df\"},{\"@type\":\"BreadcrumbList\",\"@id\":\"https:\/\/www.wojoer.de\/en\/produkt\/lack-polo-shirt\/#breadcrumb\",\"itemListElement\":[{\"@type\":\"ListItem\",\"position\":1,\"name\":\"Startseite\",\"item\":\"https:\/\/www.wojoer.de\/\"},{\"@type\":\"ListItem\",\"position\":2,\"name\":\"SHOP\",\"item\":\"https:\/\/www.wojoer.de\/shop\/\"},{\"@type\":\"ListItem\",\"position\":3,\"name\":\"Lack Polo Shirt 355P1\"}]},{\"@type\":\"WebSite\",\"@id\":\"https:\/\/www.wojoer.de\/#website\",\"url\":\"https:\/\/www.wojoer.de\/\",\"name\":\"WOJOER\",\"description\":\"clubwear for men\",\"publisher\":{\"@id\":\"https:\/\/www.wojoer.de\/#organization\"},\"potentialAction\":[{\"@type\":\"SearchAction\",\"target\":{\"@type\":\"EntryPoint\",\"urlTemplate\":\"https:\/\/www.wojoer.de\/?s={search_term_string}\"},\"query-input\":{\"@type\":\"PropertyValueSpecification\",\"valueRequired\":true,\"valueName\":\"search_term_string\"}}],\"inLanguage\":\"en-GB\"},{\"@type\":\"Organization\",\"@id\":\"https:\/\/www.wojoer.de\/#organization\",\"name\":\"Wonneberger-Manufaktur\",\"url\":\"https:\/\/www.wojoer.de\/\",\"logo\":{\"@type\":\"ImageObject\",\"inLanguage\":\"en-GB\",\"@id\":\"https:\/\/www.wojoer.de\/#\/schema\/logo\/image\/\",\"url\":\"https:\/\/www.wojoer.de\/wp-content\/uploads\/2016\/11\/wonnebergermanufaktur_logo_BUTTON.png\",\"contentUrl\":\"https:\/\/www.wojoer.de\/wp-content\/uploads\/2016\/11\/wonnebergermanufaktur_logo_BUTTON.png\",\"width\":765,\"height\":765,\"caption\":\"Wonneberger-Manufaktur\"},\"image\":{\"@id\":\"https:\/\/www.wojoer.de\/#\/schema\/logo\/image\/\"},\"sameAs\":[\"https:\/\/www.facebook.com\/wojoer\/\",\"https:\/\/de.pinterest.com\/W0J0ER\/\"]}]}<\/script>\n<!-- \/ Yoast SEO plugin. -->","yoast_head_json":{"title":"Lack Polo | Wei\u00df | Slip | Lack | Neopren | WOJOER","description":"Lack Polo. Nicht nur das in Deutschland gefertigte Glatthautneopren ist ungewohnt erotisch, auch die Lack Verarbeitung ist \u00fcberzeugend","robots":{"index":"index","follow":"follow","max-snippet":"max-snippet:-1","max-image-preview":"max-image-preview:large","max-video-preview":"max-video-preview:-1"},"canonical":"https:\/\/www.wojoer.de\/en\/produkt\/lack-polo-shirt\/","twitter_card":"summary_large_image","twitter_title":"Lack Polo | Wei\u00df | Slip | Lack | Neopren | WOJOER","twitter_description":"Lack Polo. Nicht nur das in Deutschland gefertigte Glatthautneopren ist ungewohnt erotisch, auch die Lack Verarbeitung ist \u00fcberzeugend","twitter_image":"https:\/\/www.wojoer.de\/wp-content\/uploads\/2018\/03\/355P1_LackNeopren_polo_wojoer.jpg","twitter_misc":{"Estimated reading time":"1 minute"},"schema":{"@context":"https:\/\/schema.org","@graph":[{"@type":"WebPage","@id":"https:\/\/www.wojoer.de\/en\/produkt\/lack-polo-shirt\/","url":"https:\/\/www.wojoer.de\/en\/produkt\/lack-polo-shirt\/","name":"Lack Polo | Wei\u00df | Slip | Lack | Neopren | WOJOER","isPartOf":{"@id":"https:\/\/www.wojoer.de\/#website"},"primaryImageOfPage":{"@id":"https:\/\/www.wojoer.de\/en\/produkt\/lack-polo-shirt\/#primaryimage"},"image":{"@id":"https:\/\/www.wojoer.de\/en\/produkt\/lack-polo-shirt\/#primaryimage"},"thumbnailUrl":"https:\/\/www.wojoer.de\/wp-content\/uploads\/2018\/03\/355P1_LackNeopren_polo_wojoer.jpg","datePublished":"2018-04-24T12:23:20+00:00","dateModified":"2024-08-20T10:14:50+00:00","description":"Lack Polo. Nicht nur das in Deutschland gefertigte Glatthautneopren ist ungewohnt erotisch, auch die Lack Verarbeitung ist \u00fcberzeugend","breadcrumb":{"@id":"https:\/\/www.wojoer.de\/en\/produkt\/lack-polo-shirt\/#breadcrumb"},"inLanguage":"en-GB","potentialAction":[{"@type":"ReadAction","target":["https:\/\/www.wojoer.de\/en\/produkt\/lack-polo-shirt\/"]}]},{"@type":"ImageObject","inLanguage":"en-GB","@id":"https:\/\/www.wojoer.de\/en\/produkt\/lack-polo-shirt\/#primaryimage","url":"https:\/\/www.wojoer.de\/wp-content\/uploads\/2018\/03\/355P1_LackNeopren_polo_wojoer.jpg","contentUrl":"https:\/\/www.wojoer.de\/wp-content\/uploads\/2018\/03\/355P1_LackNeopren_polo_wojoer.jpg","width":2002,"height":2002,"caption":"Lack Polo shirt wei\u00df"},{"@type":"BreadcrumbList","@id":"https:\/\/www.wojoer.de\/en\/produkt\/lack-polo-shirt\/#breadcrumb","itemListElement":[{"@type":"ListItem","position":1,"name":"Startseite","item":"https:\/\/www.wojoer.de\/"},{"@type":"ListItem","position":2,"name":"SHOP","item":"https:\/\/www.wojoer.de\/shop\/"},{"@type":"ListItem","position":3,"name":"Lack Polo Shirt 355P1"}]},{"@type":"WebSite","@id":"https:\/\/www.wojoer.de\/#website","url":"https:\/\/www.wojoer.de\/","name":"WOJOER","description":"clubwear for men","publisher":{"@id":"https:\/\/www.wojoer.de\/#organization"},"potentialAction":[{"@type":"SearchAction","target":{"@type":"EntryPoint","urlTemplate":"https:\/\/www.wojoer.de\/?s={search_term_string}"},"query-input":{"@type":"PropertyValueSpecification","valueRequired":true,"valueName":"search_term_string"}}],"inLanguage":"en-GB"},{"@type":"Organization","@id":"https:\/\/www.wojoer.de\/#organization","name":"Wonneberger-Manufaktur","url":"https:\/\/www.wojoer.de\/","logo":{"@type":"ImageObject","inLanguage":"en-GB","@id":"https:\/\/www.wojoer.de\/#\/schema\/logo\/image\/","url":"https:\/\/www.wojoer.de\/wp-content\/uploads\/2016\/11\/wonnebergermanufaktur_logo_BUTTON.png","contentUrl":"https:\/\/www.wojoer.de\/wp-content\/uploads\/2016\/11\/wonnebergermanufaktur_logo_BUTTON.png","width":765,"height":765,"caption":"Wonneberger-Manufaktur"},"image":{"@id":"https:\/\/www.wojoer.de\/#\/schema\/logo\/image\/"},"sameAs":["https:\/\/www.facebook.com\/wojoer\/","https:\/\/de.pinterest.com\/W0J0ER\/"]}]}},"_links":{"self":[{"href":"https:\/\/www.wojoer.de\/en\/wp-json\/wp\/v2\/product\/9783","targetHints":{"allow":["GET"]}}],"collection":[{"href":"https:\/\/www.wojoer.de\/en\/wp-json\/wp\/v2\/product"}],"about":[{"href":"https:\/\/www.wojoer.de\/en\/wp-json\/wp\/v2\/types\/product"}],"replies":[{"embeddable":true,"href":"https:\/\/www.wojoer.de\/en\/wp-json\/wp\/v2\/comments?post=9783"}],"wp:featuredmedia":[{"embeddable":true,"href":"https:\/\/www.wojoer.de\/en\/wp-json\/wp\/v2\/media\/9327"}],"wp:attachment":[{"href":"https:\/\/www.wojoer.de\/en\/wp-json\/wp\/v2\/media?parent=9783"}],"wp:term":[{"taxonomy":"product_brand","embeddable":true,"href":"https:\/\/www.wojoer.de\/en\/wp-json\/wp\/v2\/product_brand?post=9783"},{"taxonomy":"product_cat","embeddable":true,"href":"https:\/\/www.wojoer.de\/en\/wp-json\/wp\/v2\/product_cat?post=9783"},{"taxonomy":"product_tag","embeddable":true,"href":"https:\/\/www.wojoer.de\/en\/wp-json\/wp\/v2\/product_tag?post=9783"}],"curies":[{"name":"wp","href":"https:\/\/api.w.org\/{rel}","templated":true}]}}