{"id":9793,"date":"2018-04-24T14:38:16","date_gmt":"2018-04-24T12:38:16","guid":{"rendered":"https:\/\/www.wojoer.de\/produkt\/lack-neopren-mini-hipster\/"},"modified":"2025-11-24T09:52:35","modified_gmt":"2025-11-24T08:52:35","slug":"leatherlike-neopren-mini-hipster","status":"publish","type":"product","link":"https:\/\/www.wojoer.de\/en\/produkt\/leatherlike-neopren-mini-hipster\/","title":{"rendered":"Leatherlike Neopren Mini Hipster 355W436"},"content":{"rendered":"<p>Das Leatherlike Neopren Cheeky Slip Mini Hipster 355W436 geh\u00f6rt zu den Wojoer LIVE-Produkten. Sie werden ab Bestellung bei uns produziert. So k\u00f6nnen wir auf Kundenw\u00fcnsche individuell eingehen.<\/p>\n<h3>Gr\u00f6\u00dfen<\/h3>\n<p>Erh\u00e4ltlich in den Gr\u00f6\u00dfen S, M, L, XL<\/p>\n<h3>Materialzusammensetzung<\/h3>\n<p>Schwarz: 100% Glatthautneopren<\/p>\n<p>Wei\u00df: 100% Polyester<\/p>\n<h3>Besonderheiten<\/h3>\n<p><a href=\"http:\/\/www.wojoer.de\/?s=LIVE&#038;post_type=product\">LIVE-Produkt<\/a> \u00a0| matte und glatt gl\u00e4nzende Oberfl\u00e4chenoptik | wei\u00dfer -Stretch-Lack | fest formendes Neopren Material | haut enge Passform\u00a0 | besonderer Neopren Pushup | hochwertige Verarbeitung &#8220;Made in Germany&#8221;<\/p>\n<h3><strong>Benutzerhinweise<\/strong><\/h3>\n<p>Handw\u00e4sche. Au\u00dferdem entwickelt Neopren Bewegungsfalten, wie gutes Leder. Dadurch l\u00e4sst es mit der Zeit eine eigene Signatur des Tr\u00e4gers entstehen. Daher bitte druckgesch\u00fctzt und nicht zusammenleget lagern und auf breite Kleiderb\u00fcgel aufziehen. Dazu kommt, dass wei\u00dfer Lack farbanf\u00e4llig ist und somit mit keinen anders farblichen Textilien zusammengebracht werden darf.<\/p>\n<h3><strong>Achtung<\/strong><\/h3>\n<p>Bei Retouren, m\u00fcssen die Neoprenprodukte ungeknickt und luftig verpackt zur\u00fcckgesendet werden. Genauso wie die Ware erhalten wurde. Weisen die Produkte Falten oder Druckstellen auf, die durch einen falschen Versand verursacht wurden, dann kann das Produkt nicht zur\u00fcckerstattet werden.<\/p>\n<h3>Leatherlike NEOPREN CHEEKY SLIP- sexy Mini Hipster for men<\/h3>\n<p>Hier trifft wei\u00dfe S\u00fcnde auf schwarze Verf\u00fchrung. Und das auf engstem Raum. Denn der Mini Hipster ist berauschend knapp bemessen. Wow, daraus entsteht eine hei\u00dfe Mischung aus Eleganz und Extravaganz. Denn der wei\u00dfe Hochglanzlack der Neopren Shorts verlangt nach sofortiger Ber\u00fchrung. Und das \u00e4u\u00dferst angenehme Neopren-Material steigert die Begierde. Vor allem seine geschmeidig matte \u00c4sthetik und die charismatische Hebe-Form wirken umwerfend. Schwarze, grobe N\u00e4hte verbinden diese Extreme und lassen einen h\u00f6chst extravaganten Stil entstehen. Sei elegant und besonders zugleich, mit dem WOJOER Leatherlike Neopren Cheeky Slip.<\/p>\n","protected":false},"excerpt":{"rendered":"<p>Das Leatherlike Neopren Cheeky Slip Mini Hipster 355W436 geh\u00f6rt zu den Wojoer LIVE-Produkten. Sie werden ab Bestellung bei uns produziert. So k\u00f6nnen wir auf Kundenw\u00fcnsche individuell eingehen.<br \/>\nGr\u00f6\u00dfen<br \/>\nErh\u00e4ltlich in den Gr\u00f6\u00dfen S, M, L, XL<br \/>\nMaterialzusammensetzung<br \/>\nSchwarz: 100% Glatthautneopren<\/p>\n<p>Wei\u00df: 100% Polyester<br \/>\nBesonderheiten<br \/>\nLIVE-Produkt \u00a0| matte\u2026<\/p>\n","protected":false},"featured_media":9334,"comment_status":"open","ping_status":"closed","template":"","meta":[],"product_brand":[],"product_cat":[112,817,116,473,195,326],"product_tag":[250,294,209,103],"class_list":{"0":"post-9793","1":"product","2":"type-product","3":"status-publish","4":"has-post-thumbnail","6":"product_cat-309-neopren","7":"product_cat-355-lack-neopren","8":"product_cat-clubwear","9":"product_cat-men","10":"product_cat-produktion-auf-bestellung-liveproduktion","11":"product_cat-wojoer","12":"product_tag-funktion","13":"product_tag-lack","14":"product_tag-mini-hipster","15":"product_tag-neopren","16":"product_shipping_class-neopren","17":"pa_groesse-l","18":"pa_groesse-m","19":"pa_groesse-s","20":"pa_groesse-xl","21":"pif-has-gallery","22":"post-1","23":"odd","25":"first","26":"onbackorder","27":"taxable","28":"shipping-taxable","29":"purchasable","30":"product-type-variable","31":"has-default-attributes"},"yoast_head":"<!-- This site is optimized with the Yoast SEO plugin v27.2 - https:\/\/yoast.com\/product\/yoast-seo-wordpress\/ -->\n<title>Leatherlike Neopren Mini Hipster | Wei\u00df | Schwarz | Neopren | WOJOER<\/title>\n<meta name=\"description\" content=\"leatherlike Neopren Mini Hipster. Nicht nur das in Deutschland gefertigte Glatthautneopren ist ungewohnt erotisch, auch die Verarbeitung ist \u00fcberzeugend\" \/>\n<meta name=\"robots\" content=\"index, follow, max-snippet:-1, max-image-preview:large, max-video-preview:-1\" \/>\n<link rel=\"canonical\" href=\"https:\/\/www.wojoer.de\/en\/produkt\/leatherlike-neopren-mini-hipster\/\" \/>\n<meta name=\"twitter:card\" content=\"summary_large_image\" \/>\n<meta name=\"twitter:title\" content=\"Leatherlike Neopren Mini Hipster | Wei\u00df | Schwarz | Neopren | WOJOER\" \/>\n<meta name=\"twitter:description\" content=\"leatherlike Neopren Mini Hipster. Nicht nur das in Deutschland gefertigte Glatthautneopren ist ungewohnt erotisch, auch die Verarbeitung ist \u00fcberzeugend\" \/>\n<meta name=\"twitter:image\" content=\"https:\/\/www.wojoer.de\/wp-content\/uploads\/2018\/03\/355W436_LackNeopren_mini_hipster_wojoer.jpg\" \/>\n<meta name=\"twitter:label1\" content=\"Estimated reading time\" \/>\n\t<meta name=\"twitter:data1\" content=\"1 minute\" \/>\n<script type=\"application\/ld+json\" class=\"yoast-schema-graph\">{\"@context\":\"https:\/\/schema.org\",\"@graph\":[{\"@type\":\"WebPage\",\"@id\":\"https:\/\/www.wojoer.de\/en\/produkt\/leatherlike-neopren-mini-hipster\/\",\"url\":\"https:\/\/www.wojoer.de\/en\/produkt\/leatherlike-neopren-mini-hipster\/\",\"name\":\"Leatherlike Neopren Mini Hipster | Wei\u00df | Schwarz | Neopren | WOJOER\",\"isPartOf\":{\"@id\":\"https:\/\/www.wojoer.de\/#website\"},\"primaryImageOfPage\":{\"@id\":\"https:\/\/www.wojoer.de\/en\/produkt\/leatherlike-neopren-mini-hipster\/#primaryimage\"},\"image\":{\"@id\":\"https:\/\/www.wojoer.de\/en\/produkt\/leatherlike-neopren-mini-hipster\/#primaryimage\"},\"thumbnailUrl\":\"https:\/\/www.wojoer.de\/wp-content\/uploads\/2018\/03\/355W436_LackNeopren_mini_hipster_wojoer.jpg\",\"datePublished\":\"2018-04-24T12:38:16+00:00\",\"dateModified\":\"2025-11-24T08:52:35+00:00\",\"description\":\"leatherlike Neopren Mini Hipster. Nicht nur das in Deutschland gefertigte Glatthautneopren ist ungewohnt erotisch, auch die Verarbeitung ist \u00fcberzeugend\",\"breadcrumb\":{\"@id\":\"https:\/\/www.wojoer.de\/en\/produkt\/leatherlike-neopren-mini-hipster\/#breadcrumb\"},\"inLanguage\":\"en-GB\",\"potentialAction\":[{\"@type\":\"ReadAction\",\"target\":[\"https:\/\/www.wojoer.de\/en\/produkt\/leatherlike-neopren-mini-hipster\/\"]}]},{\"@type\":\"ImageObject\",\"inLanguage\":\"en-GB\",\"@id\":\"https:\/\/www.wojoer.de\/en\/produkt\/leatherlike-neopren-mini-hipster\/#primaryimage\",\"url\":\"https:\/\/www.wojoer.de\/wp-content\/uploads\/2018\/03\/355W436_LackNeopren_mini_hipster_wojoer.jpg\",\"contentUrl\":\"https:\/\/www.wojoer.de\/wp-content\/uploads\/2018\/03\/355W436_LackNeopren_mini_hipster_wojoer.jpg\",\"width\":2002,\"height\":2002,\"caption\":\"Lack Neopren Mini Hipster\"},{\"@type\":\"BreadcrumbList\",\"@id\":\"https:\/\/www.wojoer.de\/en\/produkt\/leatherlike-neopren-mini-hipster\/#breadcrumb\",\"itemListElement\":[{\"@type\":\"ListItem\",\"position\":1,\"name\":\"Startseite\",\"item\":\"https:\/\/www.wojoer.de\/\"},{\"@type\":\"ListItem\",\"position\":2,\"name\":\"SHOP\",\"item\":\"https:\/\/www.wojoer.de\/shop\/\"},{\"@type\":\"ListItem\",\"position\":3,\"name\":\"Leatherlike Neopren Mini Hipster 355W436\"}]},{\"@type\":\"WebSite\",\"@id\":\"https:\/\/www.wojoer.de\/#website\",\"url\":\"https:\/\/www.wojoer.de\/\",\"name\":\"WOJOER\",\"description\":\"clubwear for men\",\"publisher\":{\"@id\":\"https:\/\/www.wojoer.de\/#organization\"},\"potentialAction\":[{\"@type\":\"SearchAction\",\"target\":{\"@type\":\"EntryPoint\",\"urlTemplate\":\"https:\/\/www.wojoer.de\/?s={search_term_string}\"},\"query-input\":{\"@type\":\"PropertyValueSpecification\",\"valueRequired\":true,\"valueName\":\"search_term_string\"}}],\"inLanguage\":\"en-GB\"},{\"@type\":\"Organization\",\"@id\":\"https:\/\/www.wojoer.de\/#organization\",\"name\":\"Wonneberger-Manufaktur\",\"url\":\"https:\/\/www.wojoer.de\/\",\"logo\":{\"@type\":\"ImageObject\",\"inLanguage\":\"en-GB\",\"@id\":\"https:\/\/www.wojoer.de\/#\/schema\/logo\/image\/\",\"url\":\"https:\/\/www.wojoer.de\/wp-content\/uploads\/2016\/11\/wonnebergermanufaktur_logo_BUTTON.png\",\"contentUrl\":\"https:\/\/www.wojoer.de\/wp-content\/uploads\/2016\/11\/wonnebergermanufaktur_logo_BUTTON.png\",\"width\":765,\"height\":765,\"caption\":\"Wonneberger-Manufaktur\"},\"image\":{\"@id\":\"https:\/\/www.wojoer.de\/#\/schema\/logo\/image\/\"},\"sameAs\":[\"https:\/\/www.facebook.com\/wojoer\/\",\"https:\/\/de.pinterest.com\/W0J0ER\/\"]}]}<\/script>\n<!-- \/ Yoast SEO plugin. -->","yoast_head_json":{"title":"Leatherlike Neopren Mini Hipster | Wei\u00df | Schwarz | Neopren | WOJOER","description":"leatherlike Neopren Mini Hipster. Nicht nur das in Deutschland gefertigte Glatthautneopren ist ungewohnt erotisch, auch die Verarbeitung ist \u00fcberzeugend","robots":{"index":"index","follow":"follow","max-snippet":"max-snippet:-1","max-image-preview":"max-image-preview:large","max-video-preview":"max-video-preview:-1"},"canonical":"https:\/\/www.wojoer.de\/en\/produkt\/leatherlike-neopren-mini-hipster\/","twitter_card":"summary_large_image","twitter_title":"Leatherlike Neopren Mini Hipster | Wei\u00df | Schwarz | Neopren | WOJOER","twitter_description":"leatherlike Neopren Mini Hipster. Nicht nur das in Deutschland gefertigte Glatthautneopren ist ungewohnt erotisch, auch die Verarbeitung ist \u00fcberzeugend","twitter_image":"https:\/\/www.wojoer.de\/wp-content\/uploads\/2018\/03\/355W436_LackNeopren_mini_hipster_wojoer.jpg","twitter_misc":{"Estimated reading time":"1 minute"},"schema":{"@context":"https:\/\/schema.org","@graph":[{"@type":"WebPage","@id":"https:\/\/www.wojoer.de\/en\/produkt\/leatherlike-neopren-mini-hipster\/","url":"https:\/\/www.wojoer.de\/en\/produkt\/leatherlike-neopren-mini-hipster\/","name":"Leatherlike Neopren Mini Hipster | Wei\u00df | Schwarz | Neopren | WOJOER","isPartOf":{"@id":"https:\/\/www.wojoer.de\/#website"},"primaryImageOfPage":{"@id":"https:\/\/www.wojoer.de\/en\/produkt\/leatherlike-neopren-mini-hipster\/#primaryimage"},"image":{"@id":"https:\/\/www.wojoer.de\/en\/produkt\/leatherlike-neopren-mini-hipster\/#primaryimage"},"thumbnailUrl":"https:\/\/www.wojoer.de\/wp-content\/uploads\/2018\/03\/355W436_LackNeopren_mini_hipster_wojoer.jpg","datePublished":"2018-04-24T12:38:16+00:00","dateModified":"2025-11-24T08:52:35+00:00","description":"leatherlike Neopren Mini Hipster. Nicht nur das in Deutschland gefertigte Glatthautneopren ist ungewohnt erotisch, auch die Verarbeitung ist \u00fcberzeugend","breadcrumb":{"@id":"https:\/\/www.wojoer.de\/en\/produkt\/leatherlike-neopren-mini-hipster\/#breadcrumb"},"inLanguage":"en-GB","potentialAction":[{"@type":"ReadAction","target":["https:\/\/www.wojoer.de\/en\/produkt\/leatherlike-neopren-mini-hipster\/"]}]},{"@type":"ImageObject","inLanguage":"en-GB","@id":"https:\/\/www.wojoer.de\/en\/produkt\/leatherlike-neopren-mini-hipster\/#primaryimage","url":"https:\/\/www.wojoer.de\/wp-content\/uploads\/2018\/03\/355W436_LackNeopren_mini_hipster_wojoer.jpg","contentUrl":"https:\/\/www.wojoer.de\/wp-content\/uploads\/2018\/03\/355W436_LackNeopren_mini_hipster_wojoer.jpg","width":2002,"height":2002,"caption":"Lack Neopren Mini Hipster"},{"@type":"BreadcrumbList","@id":"https:\/\/www.wojoer.de\/en\/produkt\/leatherlike-neopren-mini-hipster\/#breadcrumb","itemListElement":[{"@type":"ListItem","position":1,"name":"Startseite","item":"https:\/\/www.wojoer.de\/"},{"@type":"ListItem","position":2,"name":"SHOP","item":"https:\/\/www.wojoer.de\/shop\/"},{"@type":"ListItem","position":3,"name":"Leatherlike Neopren Mini Hipster 355W436"}]},{"@type":"WebSite","@id":"https:\/\/www.wojoer.de\/#website","url":"https:\/\/www.wojoer.de\/","name":"WOJOER","description":"clubwear for men","publisher":{"@id":"https:\/\/www.wojoer.de\/#organization"},"potentialAction":[{"@type":"SearchAction","target":{"@type":"EntryPoint","urlTemplate":"https:\/\/www.wojoer.de\/?s={search_term_string}"},"query-input":{"@type":"PropertyValueSpecification","valueRequired":true,"valueName":"search_term_string"}}],"inLanguage":"en-GB"},{"@type":"Organization","@id":"https:\/\/www.wojoer.de\/#organization","name":"Wonneberger-Manufaktur","url":"https:\/\/www.wojoer.de\/","logo":{"@type":"ImageObject","inLanguage":"en-GB","@id":"https:\/\/www.wojoer.de\/#\/schema\/logo\/image\/","url":"https:\/\/www.wojoer.de\/wp-content\/uploads\/2016\/11\/wonnebergermanufaktur_logo_BUTTON.png","contentUrl":"https:\/\/www.wojoer.de\/wp-content\/uploads\/2016\/11\/wonnebergermanufaktur_logo_BUTTON.png","width":765,"height":765,"caption":"Wonneberger-Manufaktur"},"image":{"@id":"https:\/\/www.wojoer.de\/#\/schema\/logo\/image\/"},"sameAs":["https:\/\/www.facebook.com\/wojoer\/","https:\/\/de.pinterest.com\/W0J0ER\/"]}]}},"_links":{"self":[{"href":"https:\/\/www.wojoer.de\/en\/wp-json\/wp\/v2\/product\/9793","targetHints":{"allow":["GET"]}}],"collection":[{"href":"https:\/\/www.wojoer.de\/en\/wp-json\/wp\/v2\/product"}],"about":[{"href":"https:\/\/www.wojoer.de\/en\/wp-json\/wp\/v2\/types\/product"}],"replies":[{"embeddable":true,"href":"https:\/\/www.wojoer.de\/en\/wp-json\/wp\/v2\/comments?post=9793"}],"wp:featuredmedia":[{"embeddable":true,"href":"https:\/\/www.wojoer.de\/en\/wp-json\/wp\/v2\/media\/9334"}],"wp:attachment":[{"href":"https:\/\/www.wojoer.de\/en\/wp-json\/wp\/v2\/media?parent=9793"}],"wp:term":[{"taxonomy":"product_brand","embeddable":true,"href":"https:\/\/www.wojoer.de\/en\/wp-json\/wp\/v2\/product_brand?post=9793"},{"taxonomy":"product_cat","embeddable":true,"href":"https:\/\/www.wojoer.de\/en\/wp-json\/wp\/v2\/product_cat?post=9793"},{"taxonomy":"product_tag","embeddable":true,"href":"https:\/\/www.wojoer.de\/en\/wp-json\/wp\/v2\/product_tag?post=9793"}],"curies":[{"name":"wp","href":"https:\/\/api.w.org\/{rel}","templated":true}]}}