{"id":9917,"date":"2018-04-17T07:59:12","date_gmt":"2018-04-17T05:59:12","guid":{"rendered":"https:\/\/www.wojoer.de\/produkt\/silvercut-quick-fun-pants\/"},"modified":"2025-01-06T09:31:38","modified_gmt":"2025-01-06T08:31:38","slug":"silvercut-quick-fun-pants","status":"publish","type":"product","link":"https:\/\/www.wojoer.de\/en\/produkt\/silvercut-quick-fun-pants\/","title":{"rendered":"Silvercut Quick Fun Pants 312W408"},"content":{"rendered":"<p>Der Silvercut Quick Fun Pants 312W408 geh\u00f6rt zu den Wojoer LIVE-Produkten. Sie werden ab Bestellung bei uns produziert. So k\u00f6nnen wir auf Kundenw\u00fcnsche individuell eingehen.<\/p>\n<h3>Gr\u00f6\u00dfen<\/h3>\n<p>Erh\u00e4ltlich in den Gr\u00f6\u00dfen S, M, L, XL<\/p>\n<h3>Materialzusammensetzung<\/h3>\n<p>Schwarzes feines Leather Like: 92% Polyester 8% Elasthan<\/p>\n<p>Powernet: 94% Polyester 6% Elasthan<\/p>\n<h3>Besonderheiten<\/h3>\n<p><a href=\"http:\/\/www.wojoer.de\/?s=LIVE&#038;post_type=product\">LIVE-Produkt<\/a> \u00a0| feines letherlike | Netzeingriff mit \u00d6ffnung f\u00fcr den Penis | Quick Fun Action | edle Silberfadenapplikation | hochwertige Verarbeitung &#8220;Made in Germany&#8221;<\/p>\n<h3><strong>Benutzerhinweise<\/strong><\/h3>\n<p>Handw\u00e4sche<\/p>\n<h3>SILVERCUT SHORTS &#8211; Quick Fun Pants<\/h3>\n<p><span style=\"color: #000000;\">Die Silvercut Pants vereint feines Leder mit dem anschmiegsamen Powernet Netz. Der applizierte silbern gl\u00e4nzende Streifen auf dem Suspensorium ist dar\u00fcber hinaus ein besonderer Hingucker. Und er bildet das I-T\u00fcpfelchen auf der so angenehm sitzenden und m\u00e4nnlich breit geschnittenen Pants. Das Beste an der SILVERCUT Pants ist jedoch ihre Quick-fun-aktion-Funktion. Denn das Netz ist mit einer Aussparung versehen, durch die das m\u00e4nnliche Geschlecht in das lederne Suspensorium gelegt werden kann. Dort sitzt alles perfekt versteckt, bis zu dem Moment, wo es schnell gehen soll. Einfach in den Eingriff hineinfassen und du bist nicht mehr zu bremsen.<\/span><\/p>\n","protected":false},"excerpt":{"rendered":"<p>Der Silvercut Quick Fun Pants 312W408 geh\u00f6rt zu den Wojoer LIVE-Produkten. Sie werden ab Bestellung bei uns produziert. So k\u00f6nnen wir auf Kundenw\u00fcnsche individuell eingehen.<br \/>\nGr\u00f6\u00dfen<br \/>\nErh\u00e4ltlich in den Gr\u00f6\u00dfen S, M, L, XL<br \/>\nMaterialzusammensetzung<br \/>\nSchwarzes feines Leather Like: 92% Polyester 8% Elasthan<\/p>\n<p>Powernet: 94%\u2026<\/p>\n","protected":false},"featured_media":9922,"comment_status":"open","ping_status":"closed","template":"","meta":[],"product_brand":[],"product_cat":[797,116,473,195,161,326],"product_tag":[279,366,246,273,368],"class_list":{"0":"post-9917","1":"product","2":"type-product","3":"status-publish","4":"has-post-thumbnail","6":"product_cat-312-silvercut","7":"product_cat-clubwear","8":"product_cat-men","9":"product_cat-produktion-auf-bestellung-liveproduktion","10":"product_cat-robinson","11":"product_cat-wojoer","12":"product_tag-eingriff","13":"product_tag-letherlike","14":"product_tag-netz","15":"product_tag-pants","16":"product_tag-quick-fun-action","17":"product_shipping_class-beun","18":"pa_groesse-l","19":"pa_groesse-m","20":"pa_groesse-s","21":"pa_groesse-xl","22":"pif-has-gallery","23":"post-1","24":"odd","26":"first","27":"onbackorder","28":"taxable","29":"shipping-taxable","30":"purchasable","31":"product-type-variable","32":"has-default-attributes"},"yoast_head":"<!-- This site is optimized with the Yoast SEO plugin v27.2 - https:\/\/yoast.com\/product\/yoast-seo-wordpress\/ -->\n<title>Quick Fun Pants Schwarz | leatherlike | silber | Eingriff | WOJOER<\/title>\n<meta name=\"description\" content=\"Quick Fun Pants mit sehr d\u00fcnnem und dehnbarem schwarzen Leatherlike. Silberner Streifen als Rei\u00dfverschlussoptik und ein Netzsupsensorium mit Aussparung f\u00fcr den Penis. Jetzt Versandkostenfrei online bestellen.\" \/>\n<meta name=\"robots\" content=\"index, follow, max-snippet:-1, max-image-preview:large, max-video-preview:-1\" \/>\n<link rel=\"canonical\" href=\"https:\/\/www.wojoer.de\/en\/produkt\/silvercut-quick-fun-pants\/\" \/>\n<meta name=\"twitter:card\" content=\"summary_large_image\" \/>\n<meta name=\"twitter:title\" content=\"Quick Fun Pants Schwarz | leatherlike | silber | Eingriff | WOJOER\" \/>\n<meta name=\"twitter:description\" content=\"Quick Fun Pants mit sehr d\u00fcnnem und dehnbarem schwarzen Leatherlike. Silberner Streifen als Rei\u00dfverschlussoptik und ein Netzsupsensorium mit Aussparung f\u00fcr den Penis. Jetzt Versandkostenfrei online bestellen.\" \/>\n<meta name=\"twitter:image\" content=\"https:\/\/www.wojoer.de\/wp-content\/uploads\/2018\/04\/312W408_silvercut_pant_robinson-1.jpg\" \/>\n<meta name=\"twitter:label1\" content=\"Estimated reading time\" \/>\n\t<meta name=\"twitter:data1\" content=\"1 minute\" \/>\n<script type=\"application\/ld+json\" class=\"yoast-schema-graph\">{\"@context\":\"https:\/\/schema.org\",\"@graph\":[{\"@type\":\"WebPage\",\"@id\":\"https:\/\/www.wojoer.de\/produkt\/silvercut-quick-fun-pants\/\",\"url\":\"https:\/\/www.wojoer.de\/produkt\/silvercut-quick-fun-pants\/\",\"name\":\"Quick Fun Pants Schwarz | leatherlike | silber | Eingriff | WOJOER\",\"isPartOf\":{\"@id\":\"https:\/\/www.wojoer.de\/#website\"},\"primaryImageOfPage\":{\"@id\":\"https:\/\/www.wojoer.de\/produkt\/silvercut-quick-fun-pants\/#primaryimage\"},\"image\":{\"@id\":\"https:\/\/www.wojoer.de\/produkt\/silvercut-quick-fun-pants\/#primaryimage\"},\"thumbnailUrl\":\"https:\/\/www.wojoer.de\/wp-content\/uploads\/2018\/04\/312W408_silvercut_pant_robinson-1.jpg\",\"datePublished\":\"2018-04-17T05:59:12+00:00\",\"dateModified\":\"2025-01-06T08:31:38+00:00\",\"description\":\"Quick Fun Pants mit sehr d\u00fcnnem und dehnbarem schwarzen Leatherlike. Silberner Streifen als Rei\u00dfverschlussoptik und ein Netzsupsensorium mit Aussparung f\u00fcr den Penis. Jetzt Versandkostenfrei online bestellen.\",\"breadcrumb\":{\"@id\":\"https:\/\/www.wojoer.de\/produkt\/silvercut-quick-fun-pants\/#breadcrumb\"},\"inLanguage\":\"en-GB\",\"potentialAction\":[{\"@type\":\"ReadAction\",\"target\":[\"https:\/\/www.wojoer.de\/produkt\/silvercut-quick-fun-pants\/\"]}]},{\"@type\":\"ImageObject\",\"inLanguage\":\"en-GB\",\"@id\":\"https:\/\/www.wojoer.de\/produkt\/silvercut-quick-fun-pants\/#primaryimage\",\"url\":\"https:\/\/www.wojoer.de\/wp-content\/uploads\/2018\/04\/312W408_silvercut_pant_robinson-1.jpg\",\"contentUrl\":\"https:\/\/www.wojoer.de\/wp-content\/uploads\/2018\/04\/312W408_silvercut_pant_robinson-1.jpg\",\"width\":1001,\"height\":1001,\"caption\":\"Quick Fun Pants Silvercut\"},{\"@type\":\"BreadcrumbList\",\"@id\":\"https:\/\/www.wojoer.de\/produkt\/silvercut-quick-fun-pants\/#breadcrumb\",\"itemListElement\":[{\"@type\":\"ListItem\",\"position\":1,\"name\":\"Startseite\",\"item\":\"https:\/\/www.wojoer.de\/\"},{\"@type\":\"ListItem\",\"position\":2,\"name\":\"SHOP\",\"item\":\"https:\/\/www.wojoer.de\/shop\/\"},{\"@type\":\"ListItem\",\"position\":3,\"name\":\"Silvercut Quick Fun Pants 312W408\"}]},{\"@type\":\"WebSite\",\"@id\":\"https:\/\/www.wojoer.de\/#website\",\"url\":\"https:\/\/www.wojoer.de\/\",\"name\":\"WOJOER\",\"description\":\"clubwear for men\",\"publisher\":{\"@id\":\"https:\/\/www.wojoer.de\/#organization\"},\"potentialAction\":[{\"@type\":\"SearchAction\",\"target\":{\"@type\":\"EntryPoint\",\"urlTemplate\":\"https:\/\/www.wojoer.de\/?s={search_term_string}\"},\"query-input\":{\"@type\":\"PropertyValueSpecification\",\"valueRequired\":true,\"valueName\":\"search_term_string\"}}],\"inLanguage\":\"en-GB\"},{\"@type\":\"Organization\",\"@id\":\"https:\/\/www.wojoer.de\/#organization\",\"name\":\"Wonneberger-Manufaktur\",\"url\":\"https:\/\/www.wojoer.de\/\",\"logo\":{\"@type\":\"ImageObject\",\"inLanguage\":\"en-GB\",\"@id\":\"https:\/\/www.wojoer.de\/#\/schema\/logo\/image\/\",\"url\":\"https:\/\/www.wojoer.de\/wp-content\/uploads\/2016\/11\/wonnebergermanufaktur_logo_BUTTON.png\",\"contentUrl\":\"https:\/\/www.wojoer.de\/wp-content\/uploads\/2016\/11\/wonnebergermanufaktur_logo_BUTTON.png\",\"width\":765,\"height\":765,\"caption\":\"Wonneberger-Manufaktur\"},\"image\":{\"@id\":\"https:\/\/www.wojoer.de\/#\/schema\/logo\/image\/\"},\"sameAs\":[\"https:\/\/www.facebook.com\/wojoer\/\",\"https:\/\/de.pinterest.com\/W0J0ER\/\"]}]}<\/script>\n<!-- \/ Yoast SEO plugin. -->","yoast_head_json":{"title":"Quick Fun Pants Schwarz | leatherlike | silber | Eingriff | WOJOER","description":"Quick Fun Pants mit sehr d\u00fcnnem und dehnbarem schwarzen Leatherlike. Silberner Streifen als Rei\u00dfverschlussoptik und ein Netzsupsensorium mit Aussparung f\u00fcr den Penis. Jetzt Versandkostenfrei online bestellen.","robots":{"index":"index","follow":"follow","max-snippet":"max-snippet:-1","max-image-preview":"max-image-preview:large","max-video-preview":"max-video-preview:-1"},"canonical":"https:\/\/www.wojoer.de\/en\/produkt\/silvercut-quick-fun-pants\/","twitter_card":"summary_large_image","twitter_title":"Quick Fun Pants Schwarz | leatherlike | silber | Eingriff | WOJOER","twitter_description":"Quick Fun Pants mit sehr d\u00fcnnem und dehnbarem schwarzen Leatherlike. Silberner Streifen als Rei\u00dfverschlussoptik und ein Netzsupsensorium mit Aussparung f\u00fcr den Penis. Jetzt Versandkostenfrei online bestellen.","twitter_image":"https:\/\/www.wojoer.de\/wp-content\/uploads\/2018\/04\/312W408_silvercut_pant_robinson-1.jpg","twitter_misc":{"Estimated reading time":"1 minute"},"schema":{"@context":"https:\/\/schema.org","@graph":[{"@type":"WebPage","@id":"https:\/\/www.wojoer.de\/produkt\/silvercut-quick-fun-pants\/","url":"https:\/\/www.wojoer.de\/produkt\/silvercut-quick-fun-pants\/","name":"Quick Fun Pants Schwarz | leatherlike | silber | Eingriff | WOJOER","isPartOf":{"@id":"https:\/\/www.wojoer.de\/#website"},"primaryImageOfPage":{"@id":"https:\/\/www.wojoer.de\/produkt\/silvercut-quick-fun-pants\/#primaryimage"},"image":{"@id":"https:\/\/www.wojoer.de\/produkt\/silvercut-quick-fun-pants\/#primaryimage"},"thumbnailUrl":"https:\/\/www.wojoer.de\/wp-content\/uploads\/2018\/04\/312W408_silvercut_pant_robinson-1.jpg","datePublished":"2018-04-17T05:59:12+00:00","dateModified":"2025-01-06T08:31:38+00:00","description":"Quick Fun Pants mit sehr d\u00fcnnem und dehnbarem schwarzen Leatherlike. Silberner Streifen als Rei\u00dfverschlussoptik und ein Netzsupsensorium mit Aussparung f\u00fcr den Penis. Jetzt Versandkostenfrei online bestellen.","breadcrumb":{"@id":"https:\/\/www.wojoer.de\/produkt\/silvercut-quick-fun-pants\/#breadcrumb"},"inLanguage":"en-GB","potentialAction":[{"@type":"ReadAction","target":["https:\/\/www.wojoer.de\/produkt\/silvercut-quick-fun-pants\/"]}]},{"@type":"ImageObject","inLanguage":"en-GB","@id":"https:\/\/www.wojoer.de\/produkt\/silvercut-quick-fun-pants\/#primaryimage","url":"https:\/\/www.wojoer.de\/wp-content\/uploads\/2018\/04\/312W408_silvercut_pant_robinson-1.jpg","contentUrl":"https:\/\/www.wojoer.de\/wp-content\/uploads\/2018\/04\/312W408_silvercut_pant_robinson-1.jpg","width":1001,"height":1001,"caption":"Quick Fun Pants Silvercut"},{"@type":"BreadcrumbList","@id":"https:\/\/www.wojoer.de\/produkt\/silvercut-quick-fun-pants\/#breadcrumb","itemListElement":[{"@type":"ListItem","position":1,"name":"Startseite","item":"https:\/\/www.wojoer.de\/"},{"@type":"ListItem","position":2,"name":"SHOP","item":"https:\/\/www.wojoer.de\/shop\/"},{"@type":"ListItem","position":3,"name":"Silvercut Quick Fun Pants 312W408"}]},{"@type":"WebSite","@id":"https:\/\/www.wojoer.de\/#website","url":"https:\/\/www.wojoer.de\/","name":"WOJOER","description":"clubwear for men","publisher":{"@id":"https:\/\/www.wojoer.de\/#organization"},"potentialAction":[{"@type":"SearchAction","target":{"@type":"EntryPoint","urlTemplate":"https:\/\/www.wojoer.de\/?s={search_term_string}"},"query-input":{"@type":"PropertyValueSpecification","valueRequired":true,"valueName":"search_term_string"}}],"inLanguage":"en-GB"},{"@type":"Organization","@id":"https:\/\/www.wojoer.de\/#organization","name":"Wonneberger-Manufaktur","url":"https:\/\/www.wojoer.de\/","logo":{"@type":"ImageObject","inLanguage":"en-GB","@id":"https:\/\/www.wojoer.de\/#\/schema\/logo\/image\/","url":"https:\/\/www.wojoer.de\/wp-content\/uploads\/2016\/11\/wonnebergermanufaktur_logo_BUTTON.png","contentUrl":"https:\/\/www.wojoer.de\/wp-content\/uploads\/2016\/11\/wonnebergermanufaktur_logo_BUTTON.png","width":765,"height":765,"caption":"Wonneberger-Manufaktur"},"image":{"@id":"https:\/\/www.wojoer.de\/#\/schema\/logo\/image\/"},"sameAs":["https:\/\/www.facebook.com\/wojoer\/","https:\/\/de.pinterest.com\/W0J0ER\/"]}]}},"_links":{"self":[{"href":"https:\/\/www.wojoer.de\/en\/wp-json\/wp\/v2\/product\/9917","targetHints":{"allow":["GET"]}}],"collection":[{"href":"https:\/\/www.wojoer.de\/en\/wp-json\/wp\/v2\/product"}],"about":[{"href":"https:\/\/www.wojoer.de\/en\/wp-json\/wp\/v2\/types\/product"}],"replies":[{"embeddable":true,"href":"https:\/\/www.wojoer.de\/en\/wp-json\/wp\/v2\/comments?post=9917"}],"wp:featuredmedia":[{"embeddable":true,"href":"https:\/\/www.wojoer.de\/en\/wp-json\/wp\/v2\/media\/9922"}],"wp:attachment":[{"href":"https:\/\/www.wojoer.de\/en\/wp-json\/wp\/v2\/media?parent=9917"}],"wp:term":[{"taxonomy":"product_brand","embeddable":true,"href":"https:\/\/www.wojoer.de\/en\/wp-json\/wp\/v2\/product_brand?post=9917"},{"taxonomy":"product_cat","embeddable":true,"href":"https:\/\/www.wojoer.de\/en\/wp-json\/wp\/v2\/product_cat?post=9917"},{"taxonomy":"product_tag","embeddable":true,"href":"https:\/\/www.wojoer.de\/en\/wp-json\/wp\/v2\/product_tag?post=9917"}],"curies":[{"name":"wp","href":"https:\/\/api.w.org\/{rel}","templated":true}]}}