{"id":9928,"date":"2018-04-17T08:28:26","date_gmt":"2018-04-17T06:28:26","guid":{"rendered":"https:\/\/www.wojoer.de\/produkt\/silvercut-leatherlike-netz-shirt\/"},"modified":"2025-01-06T09:34:15","modified_gmt":"2025-01-06T08:34:15","slug":"silvercut-leatherlike-netz-shirt","status":"publish","type":"product","link":"https:\/\/www.wojoer.de\/en\/produkt\/silvercut-leatherlike-netz-shirt\/","title":{"rendered":"Silvercut Shirt 312V248"},"content":{"rendered":"<p>Das Silvercut Leatherlike Netz Shirt 312V248 geh\u00f6rt zu den Wojoer LIVE-Produkten. Sie werden ab Bestellung bei uns produziert. So k\u00f6nnen wir auf Kundenw\u00fcnsche individuell eingehen.<\/p>\n<h3>Gr\u00f6\u00dfen<\/h3>\n<p>Erh\u00e4ltlich in den Gr\u00f6\u00dfen S, M, L, XL<\/p>\n<h3>Materialzusammensetzung<\/h3>\n<p>Schwarzes feines Leather Like: 92% Polyester 8% Elasthan<\/p>\n<p>Powernet: 94% Polyester 6% Elasthan<\/p>\n<h3>Besonderheiten<\/h3>\n<p><a href=\"http:\/\/www.wojoer.de\/?s=LIVE&#038;post_type=product\">LIVE-Produkt<\/a> \u00a0| feines letherlike kombiniert mit elastischem Powernet | edle Silberfadenapplikation | hochwertige Verarbeitung &#8220;Made in Germany&#8221;<\/p>\n<h3><strong>Benutzerhinweise<\/strong><\/h3>\n<p>Handw\u00e4sche<\/p>\n<h3>SILVERCUT SHIRT &#8211; Leatherlike Netz Shirt<\/h3>\n<p>Das Silvercut Shirt \u00fcberzeugt nicht nur mit seinem feinen Leder. Sondern auch mit dem anschmiegsamen und robusten Powernet Netz. Es passt sich also der Silhouette an und umschmeichelt den Oberk\u00f6rper angenehm weich. Der applizierte silbern gl\u00e4nzende Streifen in der Mitte ist dar\u00fcber hinaus ein besonderer Hingucker. Denn durch ihn bekommt man den Eindruck, das Shirt k\u00f6nnte von oben bis unten mit einem Rei\u00dfverschluss ge\u00f6ffnet werden. Diese leise Verlockung und die laszive Transparenz verf\u00fchren zur Ber\u00fchrung. Darum nicht lange z\u00f6gern und ab in den Club, mit diesem genialen Understatement-Outfit.<\/p>\n","protected":false},"excerpt":{"rendered":"<p>Das Silvercut Leatherlike Netz Shirt 312V248 geh\u00f6rt zu den Wojoer LIVE-Produkten. Sie werden ab Bestellung bei uns produziert. So k\u00f6nnen wir auf Kundenw\u00fcnsche individuell eingehen.<br \/>\nGr\u00f6\u00dfen<br \/>\nErh\u00e4ltlich in den Gr\u00f6\u00dfen S, M, L, XL<br \/>\nMaterialzusammensetzung<br \/>\nSchwarzes feines Leather Like: 92% Polyester 8% Elasthan<\/p>\n<p>Powernet: 94%\u2026<\/p>\n","protected":false},"featured_media":9898,"comment_status":"open","ping_status":"closed","template":"","meta":[],"product_brand":[],"product_cat":[797,116,473,195,326],"product_tag":[366,246,368,856],"class_list":{"0":"post-9928","1":"product","2":"type-product","3":"status-publish","4":"has-post-thumbnail","6":"product_cat-312-silvercut","7":"product_cat-clubwear","8":"product_cat-men","9":"product_cat-produktion-auf-bestellung-liveproduktion","10":"product_cat-wojoer","11":"product_tag-letherlike","12":"product_tag-netz","13":"product_tag-quick-fun-action","14":"product_tag-shirt","15":"product_shipping_class-beun","16":"pa_groesse-l","17":"pa_groesse-m","18":"pa_groesse-s","19":"pa_groesse-xl","20":"pif-has-gallery","21":"post-1","22":"odd","24":"first","25":"onbackorder","26":"taxable","27":"shipping-taxable","28":"purchasable","29":"product-type-variable","30":"has-default-attributes"},"yoast_head":"<!-- This site is optimized with the Yoast SEO plugin v27.2 - https:\/\/yoast.com\/product\/yoast-seo-wordpress\/ -->\n<title>Leatherlike Netz Shirt Schwarz | silber | Powernet Netz | WOJOER<\/title>\n<meta name=\"description\" content=\"Leatherlike Netz Shirt mit sehr d\u00fcnnem und dehnbarem schwarzen Leatherlike. Silberner Streifen als Rei\u00dfverschlussoptik und ein Netzsupsensorium mit Aussparung f\u00fcr den Penis. Jetzt Versandkostenfrei online bestellen.\" \/>\n<meta name=\"robots\" content=\"index, follow, max-snippet:-1, max-image-preview:large, max-video-preview:-1\" \/>\n<link rel=\"canonical\" href=\"https:\/\/www.wojoer.de\/en\/produkt\/silvercut-leatherlike-netz-shirt\/\" \/>\n<meta name=\"twitter:card\" content=\"summary_large_image\" \/>\n<meta name=\"twitter:title\" content=\"Leatherlike Netz Shirt Schwarz | silber | Powernet Netz | WOJOER\" \/>\n<meta name=\"twitter:description\" content=\"Leatherlike Netz Shirt mit sehr d\u00fcnnem und dehnbarem schwarzen Leatherlike. Silberner Streifen als Rei\u00dfverschlussoptik und ein Netzsupsensorium mit Aussparung f\u00fcr den Penis. Jetzt Versandkostenfrei online bestellen.\" \/>\n<meta name=\"twitter:image\" content=\"https:\/\/www.wojoer.de\/wp-content\/uploads\/2018\/04\/312V248_silvercut_shirt_robinson.jpg\" \/>\n<meta name=\"twitter:label1\" content=\"Estimated reading time\" \/>\n\t<meta name=\"twitter:data1\" content=\"1 minute\" \/>\n<script type=\"application\/ld+json\" class=\"yoast-schema-graph\">{\"@context\":\"https:\/\/schema.org\",\"@graph\":[{\"@type\":\"WebPage\",\"@id\":\"https:\/\/www.wojoer.de\/en\/produkt\/silvercut-leatherlike-netz-shirt\/\",\"url\":\"https:\/\/www.wojoer.de\/en\/produkt\/silvercut-leatherlike-netz-shirt\/\",\"name\":\"Leatherlike Netz Shirt Schwarz | silber | Powernet Netz | WOJOER\",\"isPartOf\":{\"@id\":\"https:\/\/www.wojoer.de\/#website\"},\"primaryImageOfPage\":{\"@id\":\"https:\/\/www.wojoer.de\/en\/produkt\/silvercut-leatherlike-netz-shirt\/#primaryimage\"},\"image\":{\"@id\":\"https:\/\/www.wojoer.de\/en\/produkt\/silvercut-leatherlike-netz-shirt\/#primaryimage\"},\"thumbnailUrl\":\"https:\/\/www.wojoer.de\/wp-content\/uploads\/2018\/04\/312V248_silvercut_shirt_robinson.jpg\",\"datePublished\":\"2018-04-17T06:28:26+00:00\",\"dateModified\":\"2025-01-06T08:34:15+00:00\",\"description\":\"Leatherlike Netz Shirt mit sehr d\u00fcnnem und dehnbarem schwarzen Leatherlike. Silberner Streifen als Rei\u00dfverschlussoptik und ein Netzsupsensorium mit Aussparung f\u00fcr den Penis. Jetzt Versandkostenfrei online bestellen.\",\"breadcrumb\":{\"@id\":\"https:\/\/www.wojoer.de\/en\/produkt\/silvercut-leatherlike-netz-shirt\/#breadcrumb\"},\"inLanguage\":\"en-GB\",\"potentialAction\":[{\"@type\":\"ReadAction\",\"target\":[\"https:\/\/www.wojoer.de\/en\/produkt\/silvercut-leatherlike-netz-shirt\/\"]}]},{\"@type\":\"ImageObject\",\"inLanguage\":\"en-GB\",\"@id\":\"https:\/\/www.wojoer.de\/en\/produkt\/silvercut-leatherlike-netz-shirt\/#primaryimage\",\"url\":\"https:\/\/www.wojoer.de\/wp-content\/uploads\/2018\/04\/312V248_silvercut_shirt_robinson.jpg\",\"contentUrl\":\"https:\/\/www.wojoer.de\/wp-content\/uploads\/2018\/04\/312V248_silvercut_shirt_robinson.jpg\",\"width\":1001,\"height\":1001,\"caption\":\"Leatherlike Netz Shirt, silvercut\"},{\"@type\":\"BreadcrumbList\",\"@id\":\"https:\/\/www.wojoer.de\/en\/produkt\/silvercut-leatherlike-netz-shirt\/#breadcrumb\",\"itemListElement\":[{\"@type\":\"ListItem\",\"position\":1,\"name\":\"Startseite\",\"item\":\"https:\/\/www.wojoer.de\/\"},{\"@type\":\"ListItem\",\"position\":2,\"name\":\"SHOP\",\"item\":\"https:\/\/www.wojoer.de\/shop\/\"},{\"@type\":\"ListItem\",\"position\":3,\"name\":\"Silvercut Shirt 312V248\"}]},{\"@type\":\"WebSite\",\"@id\":\"https:\/\/www.wojoer.de\/#website\",\"url\":\"https:\/\/www.wojoer.de\/\",\"name\":\"WOJOER\",\"description\":\"clubwear for men\",\"publisher\":{\"@id\":\"https:\/\/www.wojoer.de\/#organization\"},\"potentialAction\":[{\"@type\":\"SearchAction\",\"target\":{\"@type\":\"EntryPoint\",\"urlTemplate\":\"https:\/\/www.wojoer.de\/?s={search_term_string}\"},\"query-input\":{\"@type\":\"PropertyValueSpecification\",\"valueRequired\":true,\"valueName\":\"search_term_string\"}}],\"inLanguage\":\"en-GB\"},{\"@type\":\"Organization\",\"@id\":\"https:\/\/www.wojoer.de\/#organization\",\"name\":\"Wonneberger-Manufaktur\",\"url\":\"https:\/\/www.wojoer.de\/\",\"logo\":{\"@type\":\"ImageObject\",\"inLanguage\":\"en-GB\",\"@id\":\"https:\/\/www.wojoer.de\/#\/schema\/logo\/image\/\",\"url\":\"https:\/\/www.wojoer.de\/wp-content\/uploads\/2016\/11\/wonnebergermanufaktur_logo_BUTTON.png\",\"contentUrl\":\"https:\/\/www.wojoer.de\/wp-content\/uploads\/2016\/11\/wonnebergermanufaktur_logo_BUTTON.png\",\"width\":765,\"height\":765,\"caption\":\"Wonneberger-Manufaktur\"},\"image\":{\"@id\":\"https:\/\/www.wojoer.de\/#\/schema\/logo\/image\/\"},\"sameAs\":[\"https:\/\/www.facebook.com\/wojoer\/\",\"https:\/\/de.pinterest.com\/W0J0ER\/\"]}]}<\/script>\n<!-- \/ Yoast SEO plugin. -->","yoast_head_json":{"title":"Leatherlike Netz Shirt Schwarz | silber | Powernet Netz | WOJOER","description":"Leatherlike Netz Shirt mit sehr d\u00fcnnem und dehnbarem schwarzen Leatherlike. Silberner Streifen als Rei\u00dfverschlussoptik und ein Netzsupsensorium mit Aussparung f\u00fcr den Penis. Jetzt Versandkostenfrei online bestellen.","robots":{"index":"index","follow":"follow","max-snippet":"max-snippet:-1","max-image-preview":"max-image-preview:large","max-video-preview":"max-video-preview:-1"},"canonical":"https:\/\/www.wojoer.de\/en\/produkt\/silvercut-leatherlike-netz-shirt\/","twitter_card":"summary_large_image","twitter_title":"Leatherlike Netz Shirt Schwarz | silber | Powernet Netz | WOJOER","twitter_description":"Leatherlike Netz Shirt mit sehr d\u00fcnnem und dehnbarem schwarzen Leatherlike. Silberner Streifen als Rei\u00dfverschlussoptik und ein Netzsupsensorium mit Aussparung f\u00fcr den Penis. Jetzt Versandkostenfrei online bestellen.","twitter_image":"https:\/\/www.wojoer.de\/wp-content\/uploads\/2018\/04\/312V248_silvercut_shirt_robinson.jpg","twitter_misc":{"Estimated reading time":"1 minute"},"schema":{"@context":"https:\/\/schema.org","@graph":[{"@type":"WebPage","@id":"https:\/\/www.wojoer.de\/en\/produkt\/silvercut-leatherlike-netz-shirt\/","url":"https:\/\/www.wojoer.de\/en\/produkt\/silvercut-leatherlike-netz-shirt\/","name":"Leatherlike Netz Shirt Schwarz | silber | Powernet Netz | WOJOER","isPartOf":{"@id":"https:\/\/www.wojoer.de\/#website"},"primaryImageOfPage":{"@id":"https:\/\/www.wojoer.de\/en\/produkt\/silvercut-leatherlike-netz-shirt\/#primaryimage"},"image":{"@id":"https:\/\/www.wojoer.de\/en\/produkt\/silvercut-leatherlike-netz-shirt\/#primaryimage"},"thumbnailUrl":"https:\/\/www.wojoer.de\/wp-content\/uploads\/2018\/04\/312V248_silvercut_shirt_robinson.jpg","datePublished":"2018-04-17T06:28:26+00:00","dateModified":"2025-01-06T08:34:15+00:00","description":"Leatherlike Netz Shirt mit sehr d\u00fcnnem und dehnbarem schwarzen Leatherlike. Silberner Streifen als Rei\u00dfverschlussoptik und ein Netzsupsensorium mit Aussparung f\u00fcr den Penis. Jetzt Versandkostenfrei online bestellen.","breadcrumb":{"@id":"https:\/\/www.wojoer.de\/en\/produkt\/silvercut-leatherlike-netz-shirt\/#breadcrumb"},"inLanguage":"en-GB","potentialAction":[{"@type":"ReadAction","target":["https:\/\/www.wojoer.de\/en\/produkt\/silvercut-leatherlike-netz-shirt\/"]}]},{"@type":"ImageObject","inLanguage":"en-GB","@id":"https:\/\/www.wojoer.de\/en\/produkt\/silvercut-leatherlike-netz-shirt\/#primaryimage","url":"https:\/\/www.wojoer.de\/wp-content\/uploads\/2018\/04\/312V248_silvercut_shirt_robinson.jpg","contentUrl":"https:\/\/www.wojoer.de\/wp-content\/uploads\/2018\/04\/312V248_silvercut_shirt_robinson.jpg","width":1001,"height":1001,"caption":"Leatherlike Netz Shirt, silvercut"},{"@type":"BreadcrumbList","@id":"https:\/\/www.wojoer.de\/en\/produkt\/silvercut-leatherlike-netz-shirt\/#breadcrumb","itemListElement":[{"@type":"ListItem","position":1,"name":"Startseite","item":"https:\/\/www.wojoer.de\/"},{"@type":"ListItem","position":2,"name":"SHOP","item":"https:\/\/www.wojoer.de\/shop\/"},{"@type":"ListItem","position":3,"name":"Silvercut Shirt 312V248"}]},{"@type":"WebSite","@id":"https:\/\/www.wojoer.de\/#website","url":"https:\/\/www.wojoer.de\/","name":"WOJOER","description":"clubwear for men","publisher":{"@id":"https:\/\/www.wojoer.de\/#organization"},"potentialAction":[{"@type":"SearchAction","target":{"@type":"EntryPoint","urlTemplate":"https:\/\/www.wojoer.de\/?s={search_term_string}"},"query-input":{"@type":"PropertyValueSpecification","valueRequired":true,"valueName":"search_term_string"}}],"inLanguage":"en-GB"},{"@type":"Organization","@id":"https:\/\/www.wojoer.de\/#organization","name":"Wonneberger-Manufaktur","url":"https:\/\/www.wojoer.de\/","logo":{"@type":"ImageObject","inLanguage":"en-GB","@id":"https:\/\/www.wojoer.de\/#\/schema\/logo\/image\/","url":"https:\/\/www.wojoer.de\/wp-content\/uploads\/2016\/11\/wonnebergermanufaktur_logo_BUTTON.png","contentUrl":"https:\/\/www.wojoer.de\/wp-content\/uploads\/2016\/11\/wonnebergermanufaktur_logo_BUTTON.png","width":765,"height":765,"caption":"Wonneberger-Manufaktur"},"image":{"@id":"https:\/\/www.wojoer.de\/#\/schema\/logo\/image\/"},"sameAs":["https:\/\/www.facebook.com\/wojoer\/","https:\/\/de.pinterest.com\/W0J0ER\/"]}]}},"_links":{"self":[{"href":"https:\/\/www.wojoer.de\/en\/wp-json\/wp\/v2\/product\/9928","targetHints":{"allow":["GET"]}}],"collection":[{"href":"https:\/\/www.wojoer.de\/en\/wp-json\/wp\/v2\/product"}],"about":[{"href":"https:\/\/www.wojoer.de\/en\/wp-json\/wp\/v2\/types\/product"}],"replies":[{"embeddable":true,"href":"https:\/\/www.wojoer.de\/en\/wp-json\/wp\/v2\/comments?post=9928"}],"wp:featuredmedia":[{"embeddable":true,"href":"https:\/\/www.wojoer.de\/en\/wp-json\/wp\/v2\/media\/9898"}],"wp:attachment":[{"href":"https:\/\/www.wojoer.de\/en\/wp-json\/wp\/v2\/media?parent=9928"}],"wp:term":[{"taxonomy":"product_brand","embeddable":true,"href":"https:\/\/www.wojoer.de\/en\/wp-json\/wp\/v2\/product_brand?post=9928"},{"taxonomy":"product_cat","embeddable":true,"href":"https:\/\/www.wojoer.de\/en\/wp-json\/wp\/v2\/product_cat?post=9928"},{"taxonomy":"product_tag","embeddable":true,"href":"https:\/\/www.wojoer.de\/en\/wp-json\/wp\/v2\/product_tag?post=9928"}],"curies":[{"name":"wp","href":"https:\/\/api.w.org\/{rel}","templated":true}]}}